{"id":9163,"date":"2026-02-18T23:49:28","date_gmt":"2026-02-18T22:49:28","guid":{"rendered":"https:\/\/www.acnc35.com\/equipe\/?page_id=9163"},"modified":"2026-02-25T18:31:05","modified_gmt":"2026-02-25T17:31:05","slug":"palmares-du-bobet","status":"publish","type":"page","link":"https:\/\/www.acnc35.com\/equipe\/index.php\/palmares-du-bobet\/","title":{"rendered":"Palmar\u00e8s BOBET"},"content":{"rendered":"<div id=\"pl-9163\"  class=\"panel-layout\" ><div id=\"pg-9163-0\"  class=\"panel-grid panel-no-style\" ><div id=\"pgc-9163-0-0\"  class=\"panel-grid-cell\" ><div id=\"panel-9163-0-0-0\" class=\"so-panel widget widget_sow-editor panel-first-child panel-last-child\" data-index=\"0\" ><div\n\t\t\t\n\t\t\tclass=\"so-widget-sow-editor so-widget-sow-editor-base\"\n\t\t\t\n\t\t><h3 class=\"widget-title\">LE TROPHEE<\/h3>\n<div class=\"siteorigin-widget-tinymce textwidget\">\n\t<p>&nbsp;<\/p>\n\n<!-- G\u00e9n\u00e9ration r\u00e9alis\u00e9e avec Document Gallery. Obtenez votre version ici :http:\/\/wordpress.org\/extend\/plugins\/document-gallery -->\n<div id=\"document-gallery-1\" class=\"document-gallery\" data-shortcode='{\"id\":9163,\"include\":\"9240\",\"exclude\":\"\",\"attachment_pg\":false,\"columns\":1,\"descriptions\":false,\"fancy\":false,\"limit\":-1,\"mime_types\":\"application,video,text,audio,image\",\"new_window\":false,\"order\":\"ASC\",\"orderby\":\"post__in\",\"paginate\":false,\"post_status\":\"any\",\"post_type\":\"attachment\",\"relation\":\"AND\",\"skip\":0}' style='--dg-icon-width: 99%'>\n<div class='document-icon-row'>\n   <div class=\"document-icon\">\n      <a href=\"https:\/\/www.acnc35.com\/equipe\/wp-content\/uploads\/2026\/02\/Palmares_du_Trophee_Louison_BOBET-1.pdf\" target=\"_self\">\n         <img decoding=\"async\" src=\"https:\/\/www.acnc35.com\/equipe\/wp-content\/uploads\/2026\/02\/Palmares_du_Trophee_Louison_BOBET-1-pdf.jpg\" title=\"Palmares du Trophee\" alt=\"Palmares du Trophee\" data-ext=\"pdf\"\/>\n         <span class=\"title\">Palmares du Trophee<\/span>\n      <\/a>\n   <\/div>\n\n<\/div>\n<\/div>\n<\/div>\n<\/div><\/div><\/div><div id=\"pgc-9163-0-1\"  class=\"panel-grid-cell\" ><div id=\"panel-9163-0-1-0\" class=\"so-panel widget widget_sow-editor panel-first-child panel-last-child\" data-index=\"1\" ><div\n\t\t\t\n\t\t\tclass=\"so-widget-sow-editor so-widget-sow-editor-base\"\n\t\t\t\n\t\t><h3 class=\"widget-title\">LE SOUVENIR<\/h3>\n<div class=\"siteorigin-widget-tinymce textwidget\">\n\t<p>&nbsp;<\/p>\n\n<!-- G\u00e9n\u00e9ration r\u00e9alis\u00e9e avec Document Gallery. Obtenez votre version ici :http:\/\/wordpress.org\/extend\/plugins\/document-gallery -->\n<div id=\"document-gallery-2\" class=\"document-gallery\" data-shortcode='{\"id\":9163,\"include\":\"9236\",\"exclude\":\"\",\"attachment_pg\":false,\"columns\":1,\"descriptions\":false,\"fancy\":false,\"limit\":-1,\"mime_types\":\"application,video,text,audio,image\",\"new_window\":false,\"order\":\"ASC\",\"orderby\":\"post__in\",\"paginate\":false,\"post_status\":\"any\",\"post_type\":\"attachment\",\"relation\":\"AND\",\"skip\":0}' style='--dg-icon-width: 99%'>\n<div class='document-icon-row'>\n   <div class=\"document-icon\">\n      <a href=\"https:\/\/www.acnc35.com\/equipe\/wp-content\/uploads\/2026\/02\/Palmares_du_Souvenir_Louison_BOBET.pdf\" target=\"_self\">\n         <img decoding=\"async\" src=\"https:\/\/www.acnc35.com\/equipe\/wp-content\/uploads\/2026\/02\/Palmares_du_Souvenir_Louison_BOBET-pdf.jpg\" title=\"Palmares du Souvenir\" alt=\"Palmares du Souvenir\" data-ext=\"pdf\"\/>\n         <span class=\"title\">Palmares du Souvenir<\/span>\n      <\/a>\n   <\/div>\n\n<\/div>\n<\/div>\n<\/div>\n<\/div><\/div><\/div><div id=\"pgc-9163-0-2\"  class=\"panel-grid-cell\" ><div id=\"panel-9163-0-2-0\" class=\"so-panel widget widget_media_image panel-first-child panel-last-child\" data-index=\"2\" ><img loading=\"lazy\" decoding=\"async\" width=\"212\" height=\"300\" src=\"https:\/\/www.acnc35.com\/equipe\/wp-content\/uploads\/2026\/02\/Couverture-212x300.png\" class=\"image wp-image-9242  attachment-medium size-medium\" alt=\"\" style=\"max-width: 100%; height: auto;\" srcset=\"https:\/\/www.acnc35.com\/equipe\/wp-content\/uploads\/2026\/02\/Couverture-212x300.png 212w, https:\/\/www.acnc35.com\/equipe\/wp-content\/uploads\/2026\/02\/Couverture.png 724w\" sizes=\"auto, (max-width: 212px) 85vw, 212px\" \/><\/div><\/div><\/div><div id=\"pg-9163-1\"  class=\"panel-grid panel-no-style\" ><div id=\"pgc-9163-1-0\"  class=\"panel-grid-cell\" ><div id=\"panel-9163-1-0-0\" class=\"so-panel widget widget_sow-editor panel-first-child panel-last-child\" data-index=\"3\" ><div\n\t\t\t\n\t\t\tclass=\"so-widget-sow-editor so-widget-sow-editor-base\"\n\t\t\t\n\t\t>\n<div class=\"siteorigin-widget-tinymce textwidget\">\n\t<p>Chaque ann\u00e9e, lors du deuxi\u00e8me week-end de mars en Bretagne, le Troph\u00e9e et le Souvenir Louison BOBET r\u00e9unissent respectivement les meilleurs U19 fran\u00e7ais et des coureurs amateurs dans deux courses intenses autour des communes de Noyal-Ch\u00e2tillon. Cet \u00e9v\u00e9nement incontournable offre aux participants l\u2019occasion de d\u00e9montrer leur talent et leur potentiel, \u00e0 l\u2019image de St\u00e9phane Heulot en 1989, en vue de rejoindre les pelotons professionnels. Un coup d\u2019\u0153il aux palmar\u00e8s montre que certains noms nous sont familiers, ayant ensuite brill\u00e9 dans de grandes comp\u00e9titions professionnelles.<\/p>\n<\/div>\n<\/div><\/div><\/div><\/div><\/div>","protected":false},"excerpt":{"rendered":"<p>&nbsp; &nbsp; Chaque ann\u00e9e, lors du deuxi\u00e8me week-end de mars en Bretagne, le Troph\u00e9e et le Souvenir Louison BOBET r\u00e9unissent respectivement les meilleurs U19 fran\u00e7ais et des coureurs amateurs dans deux courses intenses autour des communes de Noyal-Ch\u00e2tillon. Cet \u00e9v\u00e9nement incontournable offre aux participants l\u2019occasion de d\u00e9montrer leur talent et leur potentiel, \u00e0 l\u2019image de &hellip; <a href=\"https:\/\/www.acnc35.com\/equipe\/index.php\/palmares-du-bobet\/\" class=\"more-link\">Continuer la lecture<span class=\"screen-reader-text\"> de &laquo;&nbsp;Palmar\u00e8s BOBET&nbsp;&raquo;<\/span><\/a><\/p>\n","protected":false},"author":4,"featured_media":0,"parent":0,"menu_order":0,"comment_status":"closed","ping_status":"closed","template":"template_pleine_page.php","meta":{"ngg_post_thumbnail":0,"footnotes":""},"class_list":["post-9163","page","type-page","status-publish","hentry"],"yoast_head":"<!-- This site is optimized with the Yoast SEO plugin v27.1.1 - https:\/\/yoast.com\/product\/yoast-seo-wordpress\/ -->\n<title>Palmar\u00e8s BOBET - ACNC<\/title>\n<meta name=\"description\" content=\"ACNC\" \/>\n<meta name=\"robots\" content=\"index, follow, max-snippet:-1, max-image-preview:large, max-video-preview:-1\" \/>\n<link rel=\"canonical\" href=\"https:\/\/www.acnc35.com\/equipe\/index.php\/palmares-du-bobet\/\" \/>\n<meta property=\"og:locale\" content=\"fr_FR\" \/>\n<meta property=\"og:type\" content=\"article\" \/>\n<meta property=\"og:title\" content=\"Palmar\u00e8s BOBET - ACNC\" \/>\n<meta property=\"og:description\" content=\"ACNC\" \/>\n<meta property=\"og:url\" content=\"https:\/\/www.acnc35.com\/equipe\/index.php\/palmares-du-bobet\/\" \/>\n<meta property=\"og:site_name\" content=\"ACNC\" \/>\n<meta property=\"article:modified_time\" content=\"2026-02-25T17:31:05+00:00\" \/>\n<meta property=\"og:image\" content=\"https:\/\/www.acnc35.com\/equipe\/wp-content\/uploads\/2026\/02\/Palmares_du_Trophee_Louison_BOBET-1-pdf.jpg\" \/>\n<meta name=\"twitter:card\" content=\"summary_large_image\" \/>\n<meta name=\"twitter:label1\" content=\"Dur\u00e9e de lecture estim\u00e9e\" \/>\n\t<meta name=\"twitter:data1\" content=\"2 minutes\" \/>\n<script type=\"application\/ld+json\" class=\"yoast-schema-graph\">{\"@context\":\"https:\/\/schema.org\",\"@graph\":[{\"@type\":\"WebPage\",\"@id\":\"https:\/\/www.acnc35.com\/equipe\/index.php\/palmares-du-bobet\/\",\"url\":\"https:\/\/www.acnc35.com\/equipe\/index.php\/palmares-du-bobet\/\",\"name\":\"Palmar\u00e8s BOBET - ACNC\",\"isPartOf\":{\"@id\":\"https:\/\/www.acnc35.com\/equipe\/#website\"},\"primaryImageOfPage\":{\"@id\":\"https:\/\/www.acnc35.com\/equipe\/index.php\/palmares-du-bobet\/#primaryimage\"},\"image\":{\"@id\":\"https:\/\/www.acnc35.com\/equipe\/index.php\/palmares-du-bobet\/#primaryimage\"},\"thumbnailUrl\":\"https:\/\/www.acnc35.com\/equipe\/wp-content\/uploads\/2026\/02\/Palmares_du_Trophee_Louison_BOBET-1-pdf.jpg\",\"datePublished\":\"2026-02-18T22:49:28+00:00\",\"dateModified\":\"2026-02-25T17:31:05+00:00\",\"description\":\"ACNC\",\"breadcrumb\":{\"@id\":\"https:\/\/www.acnc35.com\/equipe\/index.php\/palmares-du-bobet\/#breadcrumb\"},\"inLanguage\":\"fr-FR\",\"potentialAction\":[{\"@type\":\"ReadAction\",\"target\":[\"https:\/\/www.acnc35.com\/equipe\/index.php\/palmares-du-bobet\/\"]}]},{\"@type\":\"ImageObject\",\"inLanguage\":\"fr-FR\",\"@id\":\"https:\/\/www.acnc35.com\/equipe\/index.php\/palmares-du-bobet\/#primaryimage\",\"url\":\"https:\/\/www.acnc35.com\/equipe\/wp-content\/uploads\/2026\/02\/Palmares_du_Trophee_Louison_BOBET-1-pdf.jpg\",\"contentUrl\":\"https:\/\/www.acnc35.com\/equipe\/wp-content\/uploads\/2026\/02\/Palmares_du_Trophee_Louison_BOBET-1-pdf.jpg\"},{\"@type\":\"BreadcrumbList\",\"@id\":\"https:\/\/www.acnc35.com\/equipe\/index.php\/palmares-du-bobet\/#breadcrumb\",\"itemListElement\":[{\"@type\":\"ListItem\",\"position\":1,\"name\":\"Accueil\",\"item\":\"https:\/\/www.acnc35.com\/equipe\/\"},{\"@type\":\"ListItem\",\"position\":2,\"name\":\"Palmar\u00e8s BOBET\"}]},{\"@type\":\"WebSite\",\"@id\":\"https:\/\/www.acnc35.com\/equipe\/#website\",\"url\":\"https:\/\/www.acnc35.com\/equipe\/\",\"name\":\"ACNC\",\"description\":\"ACNC Formation\",\"publisher\":{\"@id\":\"https:\/\/www.acnc35.com\/equipe\/#organization\"},\"potentialAction\":[{\"@type\":\"SearchAction\",\"target\":{\"@type\":\"EntryPoint\",\"urlTemplate\":\"https:\/\/www.acnc35.com\/equipe\/?s={search_term_string}\"},\"query-input\":{\"@type\":\"PropertyValueSpecification\",\"valueRequired\":true,\"valueName\":\"search_term_string\"}}],\"inLanguage\":\"fr-FR\"},{\"@type\":\"Organization\",\"@id\":\"https:\/\/www.acnc35.com\/equipe\/#organization\",\"name\":\"ACNC\",\"url\":\"https:\/\/www.acnc35.com\/equipe\/\",\"logo\":{\"@type\":\"ImageObject\",\"inLanguage\":\"fr-FR\",\"@id\":\"https:\/\/www.acnc35.com\/equipe\/#\/schema\/logo\/image\/\",\"url\":\"https:\/\/www.acnc35.com\/equipe\/wp-content\/uploads\/2023\/12\/cropped-cropped-ACNC-logo-2024_tr-1.png\",\"contentUrl\":\"https:\/\/www.acnc35.com\/equipe\/wp-content\/uploads\/2023\/12\/cropped-cropped-ACNC-logo-2024_tr-1.png\",\"width\":240,\"height\":240,\"caption\":\"ACNC\"},\"image\":{\"@id\":\"https:\/\/www.acnc35.com\/equipe\/#\/schema\/logo\/image\/\"}}]}<\/script>\n<!-- \/ Yoast SEO plugin. -->","yoast_head_json":{"title":"Palmar\u00e8s BOBET - ACNC","description":"ACNC","robots":{"index":"index","follow":"follow","max-snippet":"max-snippet:-1","max-image-preview":"max-image-preview:large","max-video-preview":"max-video-preview:-1"},"canonical":"https:\/\/www.acnc35.com\/equipe\/index.php\/palmares-du-bobet\/","og_locale":"fr_FR","og_type":"article","og_title":"Palmar\u00e8s BOBET - ACNC","og_description":"ACNC","og_url":"https:\/\/www.acnc35.com\/equipe\/index.php\/palmares-du-bobet\/","og_site_name":"ACNC","article_modified_time":"2026-02-25T17:31:05+00:00","og_image":[{"url":"https:\/\/www.acnc35.com\/equipe\/wp-content\/uploads\/2026\/02\/Palmares_du_Trophee_Louison_BOBET-1-pdf.jpg","type":"","width":"","height":""}],"twitter_card":"summary_large_image","twitter_misc":{"Dur\u00e9e de lecture estim\u00e9e":"2 minutes"},"schema":{"@context":"https:\/\/schema.org","@graph":[{"@type":"WebPage","@id":"https:\/\/www.acnc35.com\/equipe\/index.php\/palmares-du-bobet\/","url":"https:\/\/www.acnc35.com\/equipe\/index.php\/palmares-du-bobet\/","name":"Palmar\u00e8s BOBET - ACNC","isPartOf":{"@id":"https:\/\/www.acnc35.com\/equipe\/#website"},"primaryImageOfPage":{"@id":"https:\/\/www.acnc35.com\/equipe\/index.php\/palmares-du-bobet\/#primaryimage"},"image":{"@id":"https:\/\/www.acnc35.com\/equipe\/index.php\/palmares-du-bobet\/#primaryimage"},"thumbnailUrl":"https:\/\/www.acnc35.com\/equipe\/wp-content\/uploads\/2026\/02\/Palmares_du_Trophee_Louison_BOBET-1-pdf.jpg","datePublished":"2026-02-18T22:49:28+00:00","dateModified":"2026-02-25T17:31:05+00:00","description":"ACNC","breadcrumb":{"@id":"https:\/\/www.acnc35.com\/equipe\/index.php\/palmares-du-bobet\/#breadcrumb"},"inLanguage":"fr-FR","potentialAction":[{"@type":"ReadAction","target":["https:\/\/www.acnc35.com\/equipe\/index.php\/palmares-du-bobet\/"]}]},{"@type":"ImageObject","inLanguage":"fr-FR","@id":"https:\/\/www.acnc35.com\/equipe\/index.php\/palmares-du-bobet\/#primaryimage","url":"https:\/\/www.acnc35.com\/equipe\/wp-content\/uploads\/2026\/02\/Palmares_du_Trophee_Louison_BOBET-1-pdf.jpg","contentUrl":"https:\/\/www.acnc35.com\/equipe\/wp-content\/uploads\/2026\/02\/Palmares_du_Trophee_Louison_BOBET-1-pdf.jpg"},{"@type":"BreadcrumbList","@id":"https:\/\/www.acnc35.com\/equipe\/index.php\/palmares-du-bobet\/#breadcrumb","itemListElement":[{"@type":"ListItem","position":1,"name":"Accueil","item":"https:\/\/www.acnc35.com\/equipe\/"},{"@type":"ListItem","position":2,"name":"Palmar\u00e8s BOBET"}]},{"@type":"WebSite","@id":"https:\/\/www.acnc35.com\/equipe\/#website","url":"https:\/\/www.acnc35.com\/equipe\/","name":"ACNC","description":"ACNC Formation","publisher":{"@id":"https:\/\/www.acnc35.com\/equipe\/#organization"},"potentialAction":[{"@type":"SearchAction","target":{"@type":"EntryPoint","urlTemplate":"https:\/\/www.acnc35.com\/equipe\/?s={search_term_string}"},"query-input":{"@type":"PropertyValueSpecification","valueRequired":true,"valueName":"search_term_string"}}],"inLanguage":"fr-FR"},{"@type":"Organization","@id":"https:\/\/www.acnc35.com\/equipe\/#organization","name":"ACNC","url":"https:\/\/www.acnc35.com\/equipe\/","logo":{"@type":"ImageObject","inLanguage":"fr-FR","@id":"https:\/\/www.acnc35.com\/equipe\/#\/schema\/logo\/image\/","url":"https:\/\/www.acnc35.com\/equipe\/wp-content\/uploads\/2023\/12\/cropped-cropped-ACNC-logo-2024_tr-1.png","contentUrl":"https:\/\/www.acnc35.com\/equipe\/wp-content\/uploads\/2023\/12\/cropped-cropped-ACNC-logo-2024_tr-1.png","width":240,"height":240,"caption":"ACNC"},"image":{"@id":"https:\/\/www.acnc35.com\/equipe\/#\/schema\/logo\/image\/"}}]}},"_links":{"self":[{"href":"https:\/\/www.acnc35.com\/equipe\/index.php\/wp-json\/wp\/v2\/pages\/9163","targetHints":{"allow":["GET"]}}],"collection":[{"href":"https:\/\/www.acnc35.com\/equipe\/index.php\/wp-json\/wp\/v2\/pages"}],"about":[{"href":"https:\/\/www.acnc35.com\/equipe\/index.php\/wp-json\/wp\/v2\/types\/page"}],"author":[{"embeddable":true,"href":"https:\/\/www.acnc35.com\/equipe\/index.php\/wp-json\/wp\/v2\/users\/4"}],"replies":[{"embeddable":true,"href":"https:\/\/www.acnc35.com\/equipe\/index.php\/wp-json\/wp\/v2\/comments?post=9163"}],"version-history":[{"count":5,"href":"https:\/\/www.acnc35.com\/equipe\/index.php\/wp-json\/wp\/v2\/pages\/9163\/revisions"}],"predecessor-version":[{"id":9292,"href":"https:\/\/www.acnc35.com\/equipe\/index.php\/wp-json\/wp\/v2\/pages\/9163\/revisions\/9292"}],"wp:attachment":[{"href":"https:\/\/www.acnc35.com\/equipe\/index.php\/wp-json\/wp\/v2\/media?parent=9163"}],"curies":[{"name":"wp","href":"https:\/\/api.w.org\/{rel}","templated":true}]}}