{"id":9125,"date":"2026-01-29T09:19:41","date_gmt":"2026-01-29T08:19:41","guid":{"rendered":"https:\/\/www.acnc35.com\/equipe\/?page_id=9125"},"modified":"2026-02-25T18:36:08","modified_gmt":"2026-02-25T17:36:08","slug":"bobet-2026","status":"publish","type":"page","link":"https:\/\/www.acnc35.com\/equipe\/index.php\/bobet-2026\/","title":{"rendered":"INFORMATIONS BOBET 2026"},"content":{"rendered":"<div id=\"pl-9125\"  class=\"panel-layout\" ><div id=\"pg-9125-0\"  class=\"panel-grid panel-no-style\" ><div id=\"pgc-9125-0-0\"  class=\"panel-grid-cell\" ><div id=\"panel-9125-0-0-0\" class=\"so-panel widget widget_sow-editor panel-first-child panel-last-child\" data-index=\"0\" ><div\n\t\t\t\n\t\t\tclass=\"so-widget-sow-editor so-widget-sow-editor-base\"\n\t\t\t\n\t\t><h3 class=\"widget-title\">Informations BOBET 2026<\/h3>\n<div class=\"siteorigin-widget-tinymce textwidget\">\n\t<h1>Trafic perturb\u00e9<\/h1>\n<p style=\"text-align: center;\"><strong>14 MARS 2026<\/strong><\/p>\n<p>En raison des <strong data-start=\"68\" data-end=\"98\">courses cyclistes du Bobet<\/strong>, le circuit indiqu\u00e9 ci-contre sera <strong data-start=\"134\" data-end=\"160\">ferm\u00e9 \u00e0 la circulation<\/strong> de <strong data-start=\"164\" data-end=\"181\">12h45 \u00e0 13h50<\/strong>, puis de <strong data-start=\"191\" data-end=\"206\">14h10 \u00e0 16h<\/strong>.<br data-start=\"207\" data-end=\"210\"\/>Les riverains sont invit\u00e9s \u00e0 <strong data-start=\"241\" data-end=\"292\">stationner leur v\u00e9hicule en dehors du p\u00e9rim\u00e8tre<\/strong> pendant ces horaires, si n\u00e9cessaire.<br \/>\nMerci de votre compr\u00e9hension \u00bb.<\/p>\n\n<!-- G\u00e9n\u00e9ration r\u00e9alis\u00e9e avec Document Gallery. Obtenez votre version ici :http:\/\/wordpress.org\/extend\/plugins\/document-gallery -->\n<div id=\"document-gallery-1\" class=\"document-gallery\" data-shortcode='{\"id\":9125,\"include\":\"9160\",\"exclude\":\"\",\"attachment_pg\":false,\"columns\":1,\"descriptions\":false,\"fancy\":true,\"limit\":-1,\"mime_types\":\"application,video,text,audio,image\",\"new_window\":true,\"order\":\"ASC\",\"orderby\":\"post__in\",\"paginate\":true,\"post_status\":\"any\",\"post_type\":\"attachment\",\"relation\":\"AND\",\"skip\":0}' style='--dg-icon-width: 99%'>\n<div class='document-icon-row'>\n   <div class=\"document-icon\">\n      <a href=\"https:\/\/www.acnc35.com\/equipe\/wp-content\/uploads\/2026\/02\/ARRETE-NOYAL-CHATILLON-U13-ET-U17.pdf\" target=\"_blank\">\n         <img decoding=\"async\" src=\"https:\/\/www.acnc35.com\/equipe\/wp-content\/uploads\/2026\/02\/ARRETE-NOYAL-CHATILLON-U13-ET-U17-thumb.png\" title=\"ARRETE NOYAL CHATILLON U13 ET U17\" alt=\"ARRETE NOYAL CHATILLON U13 ET U17\" data-ext=\"pdf\"\/>\n         <span class=\"title\">ARRETE NOYAL CHATILLON U13 ET U17<\/span>\n      <\/a>\n   <\/div>\n\n<\/div>\n<\/div>\n<h1>&nbsp;<\/h1>\n<p>&nbsp;<\/p>\n<\/div>\n<\/div><\/div><\/div><div id=\"pgc-9125-0-1\"  class=\"panel-grid-cell\" ><div id=\"panel-9125-0-1-0\" class=\"so-panel widget widget_media_image panel-first-child panel-last-child\" data-index=\"1\" ><h3 class=\"widget-title\">Circuit: Les rues concern\u00e9es<\/h3><a href=\"https:\/\/www.acnc35.com\/equipe\/wp-content\/uploads\/2026\/01\/Circuit-course-attente-U13-et-U17-1.jpg\"><img loading=\"lazy\" decoding=\"async\" width=\"646\" height=\"512\" src=\"https:\/\/www.acnc35.com\/equipe\/wp-content\/uploads\/2026\/01\/Circuit-course-attente-U13-et-U17-1.jpg\" class=\"image wp-image-9126  attachment-full size-full\" alt=\"\" style=\"max-width: 100%; height: auto;\" srcset=\"https:\/\/www.acnc35.com\/equipe\/wp-content\/uploads\/2026\/01\/Circuit-course-attente-U13-et-U17-1.jpg 646w, https:\/\/www.acnc35.com\/equipe\/wp-content\/uploads\/2026\/01\/Circuit-course-attente-U13-et-U17-1-300x238.jpg 300w\" sizes=\"auto, (max-width: 646px) 85vw, 646px\" \/><\/a><\/div><\/div><\/div><div id=\"pg-9125-1\"  class=\"panel-grid panel-no-style\" ><div id=\"pgc-9125-1-0\"  class=\"panel-grid-cell\" ><div id=\"panel-9125-1-0-0\" class=\"so-panel widget widget_sow-editor panel-first-child panel-last-child\" data-index=\"2\" ><div\n\t\t\t\n\t\t\tclass=\"so-widget-sow-editor so-widget-sow-editor-base\"\n\t\t\t\n\t\t><h3 class=\"widget-title\">Le programme du bobet 2026<\/h3>\n<div class=\"siteorigin-widget-tinymce textwidget\">\n\t<div class=\"_df_book df-lite\" id=\"df_9288\"  _slug=\"programme-bobet-20026\" data-title=\"programme-bobet-2026\" wpoptions=\"true\" thumb=\"https:\/\/www.acnc35.com\/equipe\/wp-content\/uploads\/2026\/02\/Couverture.png\" thumbtype=\"\" ><\/div><script class=\"df-shortcode-script\" nowprocket type=\"application\/javascript\">window.option_df_9288 = {\"outline\":[],\"autoEnableOutline\":\"false\",\"autoEnableThumbnail\":\"false\",\"overwritePDFOutline\":\"false\",\"direction\":\"1\",\"pageSize\":\"0\",\"source\":\"https:\\\/\\\/www.acnc35.com\\\/equipe\\\/wp-content\\\/uploads\\\/2026\\\/02\\\/Programme-complet.pdf\",\"wpOptions\":\"true\"}; if(window.DFLIP && window.DFLIP.parseBooks){window.DFLIP.parseBooks();}<\/script>\n<\/div>\n<\/div><\/div><\/div><\/div><\/div>","protected":false},"excerpt":{"rendered":"<p>Trafic perturb\u00e9 14 MARS 2026 En raison des courses cyclistes du Bobet, le circuit indiqu\u00e9 ci-contre sera ferm\u00e9 \u00e0 la circulation de 12h45 \u00e0 13h50, puis de 14h10 \u00e0 16h.Les riverains sont invit\u00e9s \u00e0 stationner leur v\u00e9hicule en dehors du p\u00e9rim\u00e8tre pendant ces horaires, si n\u00e9cessaire. Merci de votre compr\u00e9hension \u00bb. &nbsp; &nbsp;<\/p>\n","protected":false},"author":4,"featured_media":0,"parent":0,"menu_order":0,"comment_status":"closed","ping_status":"closed","template":"","meta":{"ngg_post_thumbnail":0,"footnotes":""},"class_list":["post-9125","page","type-page","status-publish","hentry"],"yoast_head":"<!-- This site is optimized with the Yoast SEO plugin v27.1.1 - https:\/\/yoast.com\/product\/yoast-seo-wordpress\/ -->\n<title>INFORMATIONS BOBET 2026 - ACNC<\/title>\n<meta name=\"description\" content=\"ACNC\" \/>\n<meta name=\"robots\" content=\"index, follow, max-snippet:-1, max-image-preview:large, max-video-preview:-1\" \/>\n<link rel=\"canonical\" href=\"https:\/\/www.acnc35.com\/equipe\/index.php\/bobet-2026\/\" \/>\n<meta property=\"og:locale\" content=\"fr_FR\" \/>\n<meta property=\"og:type\" content=\"article\" \/>\n<meta property=\"og:title\" content=\"INFORMATIONS BOBET 2026 - ACNC\" \/>\n<meta property=\"og:description\" content=\"ACNC\" \/>\n<meta property=\"og:url\" content=\"https:\/\/www.acnc35.com\/equipe\/index.php\/bobet-2026\/\" \/>\n<meta property=\"og:site_name\" content=\"ACNC\" \/>\n<meta property=\"article:modified_time\" content=\"2026-02-25T17:36:08+00:00\" \/>\n<meta property=\"og:image\" content=\"https:\/\/www.acnc35.com\/equipe\/wp-content\/uploads\/2026\/02\/ARRETE-NOYAL-CHATILLON-U13-ET-U17-thumb.png\" \/>\n<meta name=\"twitter:card\" content=\"summary_large_image\" \/>\n<meta name=\"twitter:label1\" content=\"Dur\u00e9e de lecture estim\u00e9e\" \/>\n\t<meta name=\"twitter:data1\" content=\"1 minute\" \/>\n<script type=\"application\/ld+json\" class=\"yoast-schema-graph\">{\"@context\":\"https:\/\/schema.org\",\"@graph\":[{\"@type\":\"WebPage\",\"@id\":\"https:\/\/www.acnc35.com\/equipe\/index.php\/bobet-2026\/\",\"url\":\"https:\/\/www.acnc35.com\/equipe\/index.php\/bobet-2026\/\",\"name\":\"INFORMATIONS BOBET 2026 - ACNC\",\"isPartOf\":{\"@id\":\"https:\/\/www.acnc35.com\/equipe\/#website\"},\"primaryImageOfPage\":{\"@id\":\"https:\/\/www.acnc35.com\/equipe\/index.php\/bobet-2026\/#primaryimage\"},\"image\":{\"@id\":\"https:\/\/www.acnc35.com\/equipe\/index.php\/bobet-2026\/#primaryimage\"},\"thumbnailUrl\":\"https:\/\/www.acnc35.com\/equipe\/wp-content\/uploads\/2026\/02\/ARRETE-NOYAL-CHATILLON-U13-ET-U17-thumb.png\",\"datePublished\":\"2026-01-29T08:19:41+00:00\",\"dateModified\":\"2026-02-25T17:36:08+00:00\",\"description\":\"ACNC\",\"breadcrumb\":{\"@id\":\"https:\/\/www.acnc35.com\/equipe\/index.php\/bobet-2026\/#breadcrumb\"},\"inLanguage\":\"fr-FR\",\"potentialAction\":[{\"@type\":\"ReadAction\",\"target\":[\"https:\/\/www.acnc35.com\/equipe\/index.php\/bobet-2026\/\"]}]},{\"@type\":\"ImageObject\",\"inLanguage\":\"fr-FR\",\"@id\":\"https:\/\/www.acnc35.com\/equipe\/index.php\/bobet-2026\/#primaryimage\",\"url\":\"https:\/\/www.acnc35.com\/equipe\/wp-content\/uploads\/2026\/02\/ARRETE-NOYAL-CHATILLON-U13-ET-U17-thumb.png\",\"contentUrl\":\"https:\/\/www.acnc35.com\/equipe\/wp-content\/uploads\/2026\/02\/ARRETE-NOYAL-CHATILLON-U13-ET-U17-thumb.png\"},{\"@type\":\"BreadcrumbList\",\"@id\":\"https:\/\/www.acnc35.com\/equipe\/index.php\/bobet-2026\/#breadcrumb\",\"itemListElement\":[{\"@type\":\"ListItem\",\"position\":1,\"name\":\"Accueil\",\"item\":\"https:\/\/www.acnc35.com\/equipe\/\"},{\"@type\":\"ListItem\",\"position\":2,\"name\":\"INFORMATIONS BOBET 2026\"}]},{\"@type\":\"WebSite\",\"@id\":\"https:\/\/www.acnc35.com\/equipe\/#website\",\"url\":\"https:\/\/www.acnc35.com\/equipe\/\",\"name\":\"ACNC\",\"description\":\"ACNC Formation\",\"publisher\":{\"@id\":\"https:\/\/www.acnc35.com\/equipe\/#organization\"},\"potentialAction\":[{\"@type\":\"SearchAction\",\"target\":{\"@type\":\"EntryPoint\",\"urlTemplate\":\"https:\/\/www.acnc35.com\/equipe\/?s={search_term_string}\"},\"query-input\":{\"@type\":\"PropertyValueSpecification\",\"valueRequired\":true,\"valueName\":\"search_term_string\"}}],\"inLanguage\":\"fr-FR\"},{\"@type\":\"Organization\",\"@id\":\"https:\/\/www.acnc35.com\/equipe\/#organization\",\"name\":\"ACNC\",\"url\":\"https:\/\/www.acnc35.com\/equipe\/\",\"logo\":{\"@type\":\"ImageObject\",\"inLanguage\":\"fr-FR\",\"@id\":\"https:\/\/www.acnc35.com\/equipe\/#\/schema\/logo\/image\/\",\"url\":\"https:\/\/www.acnc35.com\/equipe\/wp-content\/uploads\/2023\/12\/cropped-cropped-ACNC-logo-2024_tr-1.png\",\"contentUrl\":\"https:\/\/www.acnc35.com\/equipe\/wp-content\/uploads\/2023\/12\/cropped-cropped-ACNC-logo-2024_tr-1.png\",\"width\":240,\"height\":240,\"caption\":\"ACNC\"},\"image\":{\"@id\":\"https:\/\/www.acnc35.com\/equipe\/#\/schema\/logo\/image\/\"}}]}<\/script>\n<!-- \/ Yoast SEO plugin. -->","yoast_head_json":{"title":"INFORMATIONS BOBET 2026 - ACNC","description":"ACNC","robots":{"index":"index","follow":"follow","max-snippet":"max-snippet:-1","max-image-preview":"max-image-preview:large","max-video-preview":"max-video-preview:-1"},"canonical":"https:\/\/www.acnc35.com\/equipe\/index.php\/bobet-2026\/","og_locale":"fr_FR","og_type":"article","og_title":"INFORMATIONS BOBET 2026 - ACNC","og_description":"ACNC","og_url":"https:\/\/www.acnc35.com\/equipe\/index.php\/bobet-2026\/","og_site_name":"ACNC","article_modified_time":"2026-02-25T17:36:08+00:00","og_image":[{"url":"https:\/\/www.acnc35.com\/equipe\/wp-content\/uploads\/2026\/02\/ARRETE-NOYAL-CHATILLON-U13-ET-U17-thumb.png","type":"","width":"","height":""}],"twitter_card":"summary_large_image","twitter_misc":{"Dur\u00e9e de lecture estim\u00e9e":"1 minute"},"schema":{"@context":"https:\/\/schema.org","@graph":[{"@type":"WebPage","@id":"https:\/\/www.acnc35.com\/equipe\/index.php\/bobet-2026\/","url":"https:\/\/www.acnc35.com\/equipe\/index.php\/bobet-2026\/","name":"INFORMATIONS BOBET 2026 - ACNC","isPartOf":{"@id":"https:\/\/www.acnc35.com\/equipe\/#website"},"primaryImageOfPage":{"@id":"https:\/\/www.acnc35.com\/equipe\/index.php\/bobet-2026\/#primaryimage"},"image":{"@id":"https:\/\/www.acnc35.com\/equipe\/index.php\/bobet-2026\/#primaryimage"},"thumbnailUrl":"https:\/\/www.acnc35.com\/equipe\/wp-content\/uploads\/2026\/02\/ARRETE-NOYAL-CHATILLON-U13-ET-U17-thumb.png","datePublished":"2026-01-29T08:19:41+00:00","dateModified":"2026-02-25T17:36:08+00:00","description":"ACNC","breadcrumb":{"@id":"https:\/\/www.acnc35.com\/equipe\/index.php\/bobet-2026\/#breadcrumb"},"inLanguage":"fr-FR","potentialAction":[{"@type":"ReadAction","target":["https:\/\/www.acnc35.com\/equipe\/index.php\/bobet-2026\/"]}]},{"@type":"ImageObject","inLanguage":"fr-FR","@id":"https:\/\/www.acnc35.com\/equipe\/index.php\/bobet-2026\/#primaryimage","url":"https:\/\/www.acnc35.com\/equipe\/wp-content\/uploads\/2026\/02\/ARRETE-NOYAL-CHATILLON-U13-ET-U17-thumb.png","contentUrl":"https:\/\/www.acnc35.com\/equipe\/wp-content\/uploads\/2026\/02\/ARRETE-NOYAL-CHATILLON-U13-ET-U17-thumb.png"},{"@type":"BreadcrumbList","@id":"https:\/\/www.acnc35.com\/equipe\/index.php\/bobet-2026\/#breadcrumb","itemListElement":[{"@type":"ListItem","position":1,"name":"Accueil","item":"https:\/\/www.acnc35.com\/equipe\/"},{"@type":"ListItem","position":2,"name":"INFORMATIONS BOBET 2026"}]},{"@type":"WebSite","@id":"https:\/\/www.acnc35.com\/equipe\/#website","url":"https:\/\/www.acnc35.com\/equipe\/","name":"ACNC","description":"ACNC Formation","publisher":{"@id":"https:\/\/www.acnc35.com\/equipe\/#organization"},"potentialAction":[{"@type":"SearchAction","target":{"@type":"EntryPoint","urlTemplate":"https:\/\/www.acnc35.com\/equipe\/?s={search_term_string}"},"query-input":{"@type":"PropertyValueSpecification","valueRequired":true,"valueName":"search_term_string"}}],"inLanguage":"fr-FR"},{"@type":"Organization","@id":"https:\/\/www.acnc35.com\/equipe\/#organization","name":"ACNC","url":"https:\/\/www.acnc35.com\/equipe\/","logo":{"@type":"ImageObject","inLanguage":"fr-FR","@id":"https:\/\/www.acnc35.com\/equipe\/#\/schema\/logo\/image\/","url":"https:\/\/www.acnc35.com\/equipe\/wp-content\/uploads\/2023\/12\/cropped-cropped-ACNC-logo-2024_tr-1.png","contentUrl":"https:\/\/www.acnc35.com\/equipe\/wp-content\/uploads\/2023\/12\/cropped-cropped-ACNC-logo-2024_tr-1.png","width":240,"height":240,"caption":"ACNC"},"image":{"@id":"https:\/\/www.acnc35.com\/equipe\/#\/schema\/logo\/image\/"}}]}},"_links":{"self":[{"href":"https:\/\/www.acnc35.com\/equipe\/index.php\/wp-json\/wp\/v2\/pages\/9125","targetHints":{"allow":["GET"]}}],"collection":[{"href":"https:\/\/www.acnc35.com\/equipe\/index.php\/wp-json\/wp\/v2\/pages"}],"about":[{"href":"https:\/\/www.acnc35.com\/equipe\/index.php\/wp-json\/wp\/v2\/types\/page"}],"author":[{"embeddable":true,"href":"https:\/\/www.acnc35.com\/equipe\/index.php\/wp-json\/wp\/v2\/users\/4"}],"replies":[{"embeddable":true,"href":"https:\/\/www.acnc35.com\/equipe\/index.php\/wp-json\/wp\/v2\/comments?post=9125"}],"version-history":[{"count":5,"href":"https:\/\/www.acnc35.com\/equipe\/index.php\/wp-json\/wp\/v2\/pages\/9125\/revisions"}],"predecessor-version":[{"id":9294,"href":"https:\/\/www.acnc35.com\/equipe\/index.php\/wp-json\/wp\/v2\/pages\/9125\/revisions\/9294"}],"wp:attachment":[{"href":"https:\/\/www.acnc35.com\/equipe\/index.php\/wp-json\/wp\/v2\/media?parent=9125"}],"curies":[{"name":"wp","href":"https:\/\/api.w.org\/{rel}","templated":true}]}}