{"id":8744,"date":"2024-12-30T19:37:07","date_gmt":"2024-12-30T18:37:07","guid":{"rendered":"https:\/\/www.acnc35.com\/equipe\/?page_id=8744"},"modified":"2026-03-16T19:06:39","modified_gmt":"2026-03-16T18:06:39","slug":"nos-coureurs-u19-et-espoirs","status":"publish","type":"page","link":"https:\/\/www.acnc35.com\/equipe\/index.php\/nos-coureurs-u19-et-espoirs\/","title":{"rendered":"Nos coureurs U19 et espoirs"},"content":{"rendered":"<div id=\"pl-8744\"  class=\"panel-layout\" ><div id=\"pg-8744-0\"  class=\"panel-grid panel-no-style\" ><div id=\"pgc-8744-0-0\"  class=\"panel-grid-cell\" ><div id=\"panel-8744-0-0-0\" class=\"so-panel widget widget_sow-editor panel-first-child panel-last-child\" data-index=\"0\" ><div\n\t\t\t\n\t\t\tclass=\"so-widget-sow-editor so-widget-sow-editor-base\"\n\t\t\t\n\t\t>\n<div class=\"siteorigin-widget-tinymce textwidget\">\n\t<div class=\"description\">Effectif 2026 de l\u2019\u00e9quipe d\u2019Ille Et Vilaine AC Noyal-Chatillon Formation pour la saison 2026 qui sera compos\u00e9e de 28 hommes.<\/div>\n<div>\n<h1>U13<\/h1>\n<p>Nathana\u00ebl HEULOT<\/p>\n<\/div>\n<div id=\"article\">\n<div class=\"simpleText\">\n<div class=\"structured_text_semantique_text\">\n<div class=\"code_html\">\n<h1>U17<\/h1>\n<p>S\u00e9raphin ARNOULD<br \/>\nMilan BOURGEON<br \/>\nC\u00f4me Briand<br \/>\nNoa DA FONSECA MAGON<br \/>\nYvan LE BRAY<br \/>\nLilian MILOUX<br \/>\nBaudouin PINARD<br \/>\nPierre-Alexis PINARD<br \/>\nNo\u00e9 SALGUES<\/p>\n<h1>U19<\/h1>\n<p>Noah CHAPDELAINE<br \/>\nEwen GAILLARD<br \/>\nSian HOUIX<br \/>\nHugo LACROIX<br \/>\nAntoine LEBRETON<br \/>\nDorian MINIER<br \/>\nLilian POUPON<br \/>\nMarius TRAVERS<\/p>\n<h1>U23 \/ OPEN<\/h1>\n<p>Ange BEAUC\u00c9<br \/>\nAugustin BEUNEUX<br \/>\nMatt\u00e9o DUROX<br \/>\nEnzo HUE<br \/>\nLucas QUELLEUC<br \/>\nStefenn L\u00c9AL<br \/>\nMath\u00e9o LE CAER<br \/>\nBenjamin LEMONNIER<br \/>\nArthur NICOLAS<br \/>\nEnzo ROBERT<br \/>\nLouen ROBINARD<\/p>\n<h3>STAFF<\/h3>\n<p><strong>Entra\u00eeneurs \/ Directeurs sportifs :<\/strong><br \/>\nAntoine DROUARD<br \/>\nTom OUVRARD<br \/>\nStefenn L\u00c9AL<\/p>\n<p><strong>M\u00e9decin et encadrant :<\/strong><br \/>\nFr\u00e9d\u00e9ric BEUNEUX<\/p>\n<p><strong>M\u00e9caniciens :<\/strong><br \/>\nJean-Philippe ROBERT<br \/>\nNicolas QUINTON<\/p>\n<p><strong>Manager de l\u2019\u00e9quipe :<\/strong><br \/>\nMaxime HEULOT<\/p>\n<p><strong>Pr\u00e9sident de l\u2019association :<\/strong><br \/>\nAlain HEULOT<\/p>\n<\/div>\n<\/div>\n<\/div>\n<\/div>\n<\/div>\n<\/div><\/div><\/div><\/div><\/div>","protected":false},"excerpt":{"rendered":"<p>Effectif 2026 de l\u2019\u00e9quipe d\u2019Ille Et Vilaine AC Noyal-Chatillon Formation pour la saison 2026 qui sera compos\u00e9e de 28 hommes. U13 Nathana\u00ebl HEULOT U17 S\u00e9raphin ARNOULD Milan BOURGEON C\u00f4me Briand Noa DA FONSECA MAGON Yvan LE BRAY Lilian MILOUX Baudouin PINARD Pierre-Alexis PINARD No\u00e9 SALGUES U19 Noah CHAPDELAINE Ewen GAILLARD Sian HOUIX Hugo LACROIX Antoine &hellip; <a href=\"https:\/\/www.acnc35.com\/equipe\/index.php\/nos-coureurs-u19-et-espoirs\/\" class=\"more-link\">Continuer la lecture<span class=\"screen-reader-text\"> de &laquo;&nbsp;Nos coureurs U19 et espoirs&nbsp;&raquo;<\/span><\/a><\/p>\n","protected":false},"author":1,"featured_media":0,"parent":0,"menu_order":0,"comment_status":"closed","ping_status":"closed","template":"","meta":{"ngg_post_thumbnail":0,"footnotes":""},"class_list":["post-8744","page","type-page","status-publish","hentry"],"yoast_head":"<!-- This site is optimized with the Yoast SEO plugin v27.1.1 - https:\/\/yoast.com\/product\/yoast-seo-wordpress\/ -->\n<title>Nos coureurs U19 et espoirs - ACNC<\/title>\n<meta name=\"description\" content=\"ACNC\" \/>\n<meta name=\"robots\" content=\"index, follow, max-snippet:-1, max-image-preview:large, max-video-preview:-1\" \/>\n<link rel=\"canonical\" href=\"https:\/\/www.acnc35.com\/equipe\/index.php\/nos-coureurs-u19-et-espoirs\/\" \/>\n<meta property=\"og:locale\" content=\"fr_FR\" \/>\n<meta property=\"og:type\" content=\"article\" \/>\n<meta property=\"og:title\" content=\"Nos coureurs U19 et espoirs - ACNC\" \/>\n<meta property=\"og:description\" content=\"ACNC\" \/>\n<meta property=\"og:url\" content=\"https:\/\/www.acnc35.com\/equipe\/index.php\/nos-coureurs-u19-et-espoirs\/\" \/>\n<meta property=\"og:site_name\" content=\"ACNC\" \/>\n<meta property=\"article:modified_time\" content=\"2026-03-16T18:06:39+00:00\" \/>\n<meta property=\"og:image\" content=\"https:\/\/www.acnc35.com\/equipe\/wp-content\/uploads\/2025\/02\/P2220019-scaled.jpg\" \/>\n\t<meta property=\"og:image:width\" content=\"2560\" \/>\n\t<meta property=\"og:image:height\" content=\"1707\" \/>\n\t<meta property=\"og:image:type\" content=\"image\/jpeg\" \/>\n<meta name=\"twitter:card\" content=\"summary_large_image\" \/>\n<meta name=\"twitter:label1\" content=\"Dur\u00e9e de lecture estim\u00e9e\" \/>\n\t<meta name=\"twitter:data1\" content=\"1 minute\" \/>\n<script type=\"application\/ld+json\" class=\"yoast-schema-graph\">{\"@context\":\"https:\/\/schema.org\",\"@graph\":[{\"@type\":\"WebPage\",\"@id\":\"https:\/\/www.acnc35.com\/equipe\/index.php\/nos-coureurs-u19-et-espoirs\/\",\"url\":\"https:\/\/www.acnc35.com\/equipe\/index.php\/nos-coureurs-u19-et-espoirs\/\",\"name\":\"Nos coureurs U19 et espoirs - ACNC\",\"isPartOf\":{\"@id\":\"https:\/\/www.acnc35.com\/equipe\/#website\"},\"datePublished\":\"2024-12-30T18:37:07+00:00\",\"dateModified\":\"2026-03-16T18:06:39+00:00\",\"description\":\"ACNC\",\"breadcrumb\":{\"@id\":\"https:\/\/www.acnc35.com\/equipe\/index.php\/nos-coureurs-u19-et-espoirs\/#breadcrumb\"},\"inLanguage\":\"fr-FR\",\"potentialAction\":[{\"@type\":\"ReadAction\",\"target\":[\"https:\/\/www.acnc35.com\/equipe\/index.php\/nos-coureurs-u19-et-espoirs\/\"]}]},{\"@type\":\"BreadcrumbList\",\"@id\":\"https:\/\/www.acnc35.com\/equipe\/index.php\/nos-coureurs-u19-et-espoirs\/#breadcrumb\",\"itemListElement\":[{\"@type\":\"ListItem\",\"position\":1,\"name\":\"Accueil\",\"item\":\"https:\/\/www.acnc35.com\/equipe\/\"},{\"@type\":\"ListItem\",\"position\":2,\"name\":\"Nos coureurs U19 et espoirs\"}]},{\"@type\":\"WebSite\",\"@id\":\"https:\/\/www.acnc35.com\/equipe\/#website\",\"url\":\"https:\/\/www.acnc35.com\/equipe\/\",\"name\":\"ACNC\",\"description\":\"ACNC Formation\",\"publisher\":{\"@id\":\"https:\/\/www.acnc35.com\/equipe\/#organization\"},\"potentialAction\":[{\"@type\":\"SearchAction\",\"target\":{\"@type\":\"EntryPoint\",\"urlTemplate\":\"https:\/\/www.acnc35.com\/equipe\/?s={search_term_string}\"},\"query-input\":{\"@type\":\"PropertyValueSpecification\",\"valueRequired\":true,\"valueName\":\"search_term_string\"}}],\"inLanguage\":\"fr-FR\"},{\"@type\":\"Organization\",\"@id\":\"https:\/\/www.acnc35.com\/equipe\/#organization\",\"name\":\"ACNC\",\"url\":\"https:\/\/www.acnc35.com\/equipe\/\",\"logo\":{\"@type\":\"ImageObject\",\"inLanguage\":\"fr-FR\",\"@id\":\"https:\/\/www.acnc35.com\/equipe\/#\/schema\/logo\/image\/\",\"url\":\"https:\/\/www.acnc35.com\/equipe\/wp-content\/uploads\/2023\/12\/cropped-cropped-ACNC-logo-2024_tr-1.png\",\"contentUrl\":\"https:\/\/www.acnc35.com\/equipe\/wp-content\/uploads\/2023\/12\/cropped-cropped-ACNC-logo-2024_tr-1.png\",\"width\":240,\"height\":240,\"caption\":\"ACNC\"},\"image\":{\"@id\":\"https:\/\/www.acnc35.com\/equipe\/#\/schema\/logo\/image\/\"}}]}<\/script>\n<!-- \/ Yoast SEO plugin. -->","yoast_head_json":{"title":"Nos coureurs U19 et espoirs - ACNC","description":"ACNC","robots":{"index":"index","follow":"follow","max-snippet":"max-snippet:-1","max-image-preview":"max-image-preview:large","max-video-preview":"max-video-preview:-1"},"canonical":"https:\/\/www.acnc35.com\/equipe\/index.php\/nos-coureurs-u19-et-espoirs\/","og_locale":"fr_FR","og_type":"article","og_title":"Nos coureurs U19 et espoirs - ACNC","og_description":"ACNC","og_url":"https:\/\/www.acnc35.com\/equipe\/index.php\/nos-coureurs-u19-et-espoirs\/","og_site_name":"ACNC","article_modified_time":"2026-03-16T18:06:39+00:00","og_image":[{"width":2560,"height":1707,"url":"https:\/\/www.acnc35.com\/equipe\/wp-content\/uploads\/2025\/02\/P2220019-scaled.jpg","type":"image\/jpeg"}],"twitter_card":"summary_large_image","twitter_misc":{"Dur\u00e9e de lecture estim\u00e9e":"1 minute"},"schema":{"@context":"https:\/\/schema.org","@graph":[{"@type":"WebPage","@id":"https:\/\/www.acnc35.com\/equipe\/index.php\/nos-coureurs-u19-et-espoirs\/","url":"https:\/\/www.acnc35.com\/equipe\/index.php\/nos-coureurs-u19-et-espoirs\/","name":"Nos coureurs U19 et espoirs - ACNC","isPartOf":{"@id":"https:\/\/www.acnc35.com\/equipe\/#website"},"datePublished":"2024-12-30T18:37:07+00:00","dateModified":"2026-03-16T18:06:39+00:00","description":"ACNC","breadcrumb":{"@id":"https:\/\/www.acnc35.com\/equipe\/index.php\/nos-coureurs-u19-et-espoirs\/#breadcrumb"},"inLanguage":"fr-FR","potentialAction":[{"@type":"ReadAction","target":["https:\/\/www.acnc35.com\/equipe\/index.php\/nos-coureurs-u19-et-espoirs\/"]}]},{"@type":"BreadcrumbList","@id":"https:\/\/www.acnc35.com\/equipe\/index.php\/nos-coureurs-u19-et-espoirs\/#breadcrumb","itemListElement":[{"@type":"ListItem","position":1,"name":"Accueil","item":"https:\/\/www.acnc35.com\/equipe\/"},{"@type":"ListItem","position":2,"name":"Nos coureurs U19 et espoirs"}]},{"@type":"WebSite","@id":"https:\/\/www.acnc35.com\/equipe\/#website","url":"https:\/\/www.acnc35.com\/equipe\/","name":"ACNC","description":"ACNC Formation","publisher":{"@id":"https:\/\/www.acnc35.com\/equipe\/#organization"},"potentialAction":[{"@type":"SearchAction","target":{"@type":"EntryPoint","urlTemplate":"https:\/\/www.acnc35.com\/equipe\/?s={search_term_string}"},"query-input":{"@type":"PropertyValueSpecification","valueRequired":true,"valueName":"search_term_string"}}],"inLanguage":"fr-FR"},{"@type":"Organization","@id":"https:\/\/www.acnc35.com\/equipe\/#organization","name":"ACNC","url":"https:\/\/www.acnc35.com\/equipe\/","logo":{"@type":"ImageObject","inLanguage":"fr-FR","@id":"https:\/\/www.acnc35.com\/equipe\/#\/schema\/logo\/image\/","url":"https:\/\/www.acnc35.com\/equipe\/wp-content\/uploads\/2023\/12\/cropped-cropped-ACNC-logo-2024_tr-1.png","contentUrl":"https:\/\/www.acnc35.com\/equipe\/wp-content\/uploads\/2023\/12\/cropped-cropped-ACNC-logo-2024_tr-1.png","width":240,"height":240,"caption":"ACNC"},"image":{"@id":"https:\/\/www.acnc35.com\/equipe\/#\/schema\/logo\/image\/"}}]}},"_links":{"self":[{"href":"https:\/\/www.acnc35.com\/equipe\/index.php\/wp-json\/wp\/v2\/pages\/8744","targetHints":{"allow":["GET"]}}],"collection":[{"href":"https:\/\/www.acnc35.com\/equipe\/index.php\/wp-json\/wp\/v2\/pages"}],"about":[{"href":"https:\/\/www.acnc35.com\/equipe\/index.php\/wp-json\/wp\/v2\/types\/page"}],"author":[{"embeddable":true,"href":"https:\/\/www.acnc35.com\/equipe\/index.php\/wp-json\/wp\/v2\/users\/1"}],"replies":[{"embeddable":true,"href":"https:\/\/www.acnc35.com\/equipe\/index.php\/wp-json\/wp\/v2\/comments?post=8744"}],"version-history":[{"count":5,"href":"https:\/\/www.acnc35.com\/equipe\/index.php\/wp-json\/wp\/v2\/pages\/8744\/revisions"}],"predecessor-version":[{"id":9409,"href":"https:\/\/www.acnc35.com\/equipe\/index.php\/wp-json\/wp\/v2\/pages\/8744\/revisions\/9409"}],"wp:attachment":[{"href":"https:\/\/www.acnc35.com\/equipe\/index.php\/wp-json\/wp\/v2\/media?parent=8744"}],"curies":[{"name":"wp","href":"https:\/\/api.w.org\/{rel}","templated":true}]}}