{"id":7791,"date":"2023-01-14T15:43:25","date_gmt":"2023-01-14T14:43:25","guid":{"rendered":"https:\/\/www.acnc35.com\/equipe\/?page_id=7791"},"modified":"2023-12-30T10:31:37","modified_gmt":"2023-12-30T09:31:37","slug":"bobet","status":"publish","type":"page","link":"https:\/\/www.acnc35.com\/equipe\/index.php\/bobet\/","title":{"rendered":"BOBET"},"content":{"rendered":"<p>Le <a href=\"https:\/\/www.acnc35.com\/cyclos\/index.php\/souvenir-louison-bobet\/\">Souvenir <\/a> et le <a href=\"https:\/\/www.acnc35.com\/cyclos\/index.php\/trophee-louison-bobet\/\">Troph\u00e9e <\/a>Louison BOBET sont des organisations assur\u00e9es par L&#8217;ACNC Cyclos. L&#8217;ACNC Formation en assure le contr\u00f4le. Retrouvez toutes les informations techniques et g\u00e9n\u00e9rales en cliquant sur les deux liens pr\u00e9c\u00e9dents<\/p>\n","protected":false},"excerpt":{"rendered":"<p>Le Souvenir et le Troph\u00e9e Louison BOBET sont des organisations assur\u00e9es par L&#8217;ACNC Cyclos. L&#8217;ACNC Formation en assure le contr\u00f4le. Retrouvez toutes les informations techniques et g\u00e9n\u00e9rales en cliquant sur les deux liens pr\u00e9c\u00e9dents<\/p>\n","protected":false},"author":1,"featured_media":0,"parent":0,"menu_order":0,"comment_status":"closed","ping_status":"closed","template":"","meta":{"ngg_post_thumbnail":0,"footnotes":""},"class_list":["post-7791","page","type-page","status-publish","hentry"],"yoast_head":"<!-- This site is optimized with the Yoast SEO plugin v27.1.1 - https:\/\/yoast.com\/product\/yoast-seo-wordpress\/ -->\n<title>BOBET - ACNC<\/title>\n<meta name=\"description\" content=\"ACNC\" \/>\n<meta name=\"robots\" content=\"index, follow, max-snippet:-1, max-image-preview:large, max-video-preview:-1\" \/>\n<link rel=\"canonical\" href=\"https:\/\/www.acnc35.com\/equipe\/index.php\/bobet\/\" \/>\n<meta property=\"og:locale\" content=\"fr_FR\" \/>\n<meta property=\"og:type\" content=\"article\" \/>\n<meta property=\"og:title\" content=\"BOBET - ACNC\" \/>\n<meta property=\"og:description\" content=\"ACNC\" \/>\n<meta property=\"og:url\" content=\"https:\/\/www.acnc35.com\/equipe\/index.php\/bobet\/\" \/>\n<meta property=\"og:site_name\" content=\"ACNC\" \/>\n<meta property=\"article:modified_time\" content=\"2023-12-30T09:31:37+00:00\" \/>\n<meta property=\"og:image\" content=\"https:\/\/www.acnc35.com\/equipe\/wp-content\/uploads\/2025\/02\/P2220019-scaled.jpg\" \/>\n\t<meta property=\"og:image:width\" content=\"2560\" \/>\n\t<meta property=\"og:image:height\" content=\"1707\" \/>\n\t<meta property=\"og:image:type\" content=\"image\/jpeg\" \/>\n<meta name=\"twitter:card\" content=\"summary_large_image\" \/>\n<script type=\"application\/ld+json\" class=\"yoast-schema-graph\">{\"@context\":\"https:\/\/schema.org\",\"@graph\":[{\"@type\":\"WebPage\",\"@id\":\"https:\/\/www.acnc35.com\/equipe\/index.php\/bobet\/\",\"url\":\"https:\/\/www.acnc35.com\/equipe\/index.php\/bobet\/\",\"name\":\"BOBET - ACNC\",\"isPartOf\":{\"@id\":\"https:\/\/www.acnc35.com\/equipe\/#website\"},\"datePublished\":\"2023-01-14T14:43:25+00:00\",\"dateModified\":\"2023-12-30T09:31:37+00:00\",\"description\":\"ACNC\",\"breadcrumb\":{\"@id\":\"https:\/\/www.acnc35.com\/equipe\/index.php\/bobet\/#breadcrumb\"},\"inLanguage\":\"fr-FR\",\"potentialAction\":[{\"@type\":\"ReadAction\",\"target\":[\"https:\/\/www.acnc35.com\/equipe\/index.php\/bobet\/\"]}]},{\"@type\":\"BreadcrumbList\",\"@id\":\"https:\/\/www.acnc35.com\/equipe\/index.php\/bobet\/#breadcrumb\",\"itemListElement\":[{\"@type\":\"ListItem\",\"position\":1,\"name\":\"Accueil\",\"item\":\"https:\/\/www.acnc35.com\/equipe\/\"},{\"@type\":\"ListItem\",\"position\":2,\"name\":\"BOBET\"}]},{\"@type\":\"WebSite\",\"@id\":\"https:\/\/www.acnc35.com\/equipe\/#website\",\"url\":\"https:\/\/www.acnc35.com\/equipe\/\",\"name\":\"ACNC\",\"description\":\"ACNC Formation\",\"publisher\":{\"@id\":\"https:\/\/www.acnc35.com\/equipe\/#organization\"},\"potentialAction\":[{\"@type\":\"SearchAction\",\"target\":{\"@type\":\"EntryPoint\",\"urlTemplate\":\"https:\/\/www.acnc35.com\/equipe\/?s={search_term_string}\"},\"query-input\":{\"@type\":\"PropertyValueSpecification\",\"valueRequired\":true,\"valueName\":\"search_term_string\"}}],\"inLanguage\":\"fr-FR\"},{\"@type\":\"Organization\",\"@id\":\"https:\/\/www.acnc35.com\/equipe\/#organization\",\"name\":\"ACNC\",\"url\":\"https:\/\/www.acnc35.com\/equipe\/\",\"logo\":{\"@type\":\"ImageObject\",\"inLanguage\":\"fr-FR\",\"@id\":\"https:\/\/www.acnc35.com\/equipe\/#\/schema\/logo\/image\/\",\"url\":\"https:\/\/www.acnc35.com\/equipe\/wp-content\/uploads\/2023\/12\/cropped-cropped-ACNC-logo-2024_tr-1.png\",\"contentUrl\":\"https:\/\/www.acnc35.com\/equipe\/wp-content\/uploads\/2023\/12\/cropped-cropped-ACNC-logo-2024_tr-1.png\",\"width\":240,\"height\":240,\"caption\":\"ACNC\"},\"image\":{\"@id\":\"https:\/\/www.acnc35.com\/equipe\/#\/schema\/logo\/image\/\"}}]}<\/script>\n<!-- \/ Yoast SEO plugin. -->","yoast_head_json":{"title":"BOBET - ACNC","description":"ACNC","robots":{"index":"index","follow":"follow","max-snippet":"max-snippet:-1","max-image-preview":"max-image-preview:large","max-video-preview":"max-video-preview:-1"},"canonical":"https:\/\/www.acnc35.com\/equipe\/index.php\/bobet\/","og_locale":"fr_FR","og_type":"article","og_title":"BOBET - ACNC","og_description":"ACNC","og_url":"https:\/\/www.acnc35.com\/equipe\/index.php\/bobet\/","og_site_name":"ACNC","article_modified_time":"2023-12-30T09:31:37+00:00","og_image":[{"width":2560,"height":1707,"url":"https:\/\/www.acnc35.com\/equipe\/wp-content\/uploads\/2025\/02\/P2220019-scaled.jpg","type":"image\/jpeg"}],"twitter_card":"summary_large_image","schema":{"@context":"https:\/\/schema.org","@graph":[{"@type":"WebPage","@id":"https:\/\/www.acnc35.com\/equipe\/index.php\/bobet\/","url":"https:\/\/www.acnc35.com\/equipe\/index.php\/bobet\/","name":"BOBET - ACNC","isPartOf":{"@id":"https:\/\/www.acnc35.com\/equipe\/#website"},"datePublished":"2023-01-14T14:43:25+00:00","dateModified":"2023-12-30T09:31:37+00:00","description":"ACNC","breadcrumb":{"@id":"https:\/\/www.acnc35.com\/equipe\/index.php\/bobet\/#breadcrumb"},"inLanguage":"fr-FR","potentialAction":[{"@type":"ReadAction","target":["https:\/\/www.acnc35.com\/equipe\/index.php\/bobet\/"]}]},{"@type":"BreadcrumbList","@id":"https:\/\/www.acnc35.com\/equipe\/index.php\/bobet\/#breadcrumb","itemListElement":[{"@type":"ListItem","position":1,"name":"Accueil","item":"https:\/\/www.acnc35.com\/equipe\/"},{"@type":"ListItem","position":2,"name":"BOBET"}]},{"@type":"WebSite","@id":"https:\/\/www.acnc35.com\/equipe\/#website","url":"https:\/\/www.acnc35.com\/equipe\/","name":"ACNC","description":"ACNC Formation","publisher":{"@id":"https:\/\/www.acnc35.com\/equipe\/#organization"},"potentialAction":[{"@type":"SearchAction","target":{"@type":"EntryPoint","urlTemplate":"https:\/\/www.acnc35.com\/equipe\/?s={search_term_string}"},"query-input":{"@type":"PropertyValueSpecification","valueRequired":true,"valueName":"search_term_string"}}],"inLanguage":"fr-FR"},{"@type":"Organization","@id":"https:\/\/www.acnc35.com\/equipe\/#organization","name":"ACNC","url":"https:\/\/www.acnc35.com\/equipe\/","logo":{"@type":"ImageObject","inLanguage":"fr-FR","@id":"https:\/\/www.acnc35.com\/equipe\/#\/schema\/logo\/image\/","url":"https:\/\/www.acnc35.com\/equipe\/wp-content\/uploads\/2023\/12\/cropped-cropped-ACNC-logo-2024_tr-1.png","contentUrl":"https:\/\/www.acnc35.com\/equipe\/wp-content\/uploads\/2023\/12\/cropped-cropped-ACNC-logo-2024_tr-1.png","width":240,"height":240,"caption":"ACNC"},"image":{"@id":"https:\/\/www.acnc35.com\/equipe\/#\/schema\/logo\/image\/"}}]}},"_links":{"self":[{"href":"https:\/\/www.acnc35.com\/equipe\/index.php\/wp-json\/wp\/v2\/pages\/7791","targetHints":{"allow":["GET"]}}],"collection":[{"href":"https:\/\/www.acnc35.com\/equipe\/index.php\/wp-json\/wp\/v2\/pages"}],"about":[{"href":"https:\/\/www.acnc35.com\/equipe\/index.php\/wp-json\/wp\/v2\/types\/page"}],"author":[{"embeddable":true,"href":"https:\/\/www.acnc35.com\/equipe\/index.php\/wp-json\/wp\/v2\/users\/1"}],"replies":[{"embeddable":true,"href":"https:\/\/www.acnc35.com\/equipe\/index.php\/wp-json\/wp\/v2\/comments?post=7791"}],"version-history":[{"count":5,"href":"https:\/\/www.acnc35.com\/equipe\/index.php\/wp-json\/wp\/v2\/pages\/7791\/revisions"}],"predecessor-version":[{"id":8552,"href":"https:\/\/www.acnc35.com\/equipe\/index.php\/wp-json\/wp\/v2\/pages\/7791\/revisions\/8552"}],"wp:attachment":[{"href":"https:\/\/www.acnc35.com\/equipe\/index.php\/wp-json\/wp\/v2\/media?parent=7791"}],"curies":[{"name":"wp","href":"https:\/\/api.w.org\/{rel}","templated":true}]}}