{"id":7782,"date":"2023-01-05T18:38:33","date_gmt":"2023-01-05T17:38:33","guid":{"rendered":"https:\/\/www.acnc35.com\/equipe\/?page_id=7782"},"modified":"2023-12-27T19:12:07","modified_gmt":"2023-12-27T18:12:07","slug":"7782-2","status":"publish","type":"page","link":"https:\/\/www.acnc35.com\/equipe\/index.php\/7782-2\/","title":{"rendered":"Historique"},"content":{"rendered":"\n<p class=\"has-text-align-center\"><\/p>\n\n\n<div id=\"pl-gb7782-69e48a4980a79\"  class=\"panel-layout\" ><div id=\"pg-gb7782-69e48a4980a79-0\"  class=\"panel-grid panel-no-style\" ><div id=\"pgc-gb7782-69e48a4980a79-0-0\"  class=\"panel-grid-cell\" ><div id=\"panel-gb7782-69e48a4980a79-0-0-0\" class=\"so-panel widget widget_sow-editor panel-first-child panel-last-child\" data-index=\"0\" ><div\n\t\t\t\n\t\t\tclass=\"so-widget-sow-editor so-widget-sow-editor-base\"\n\t\t\t\n\t\t>\n<div class=\"siteorigin-widget-tinymce textwidget\">\n\t<p>L&#8217;ACNC a remport\u00e9 4 championnats de France.&nbsp;<\/p>\n<p style=\"text-align: left;\">Le premier par l&#8217;interm\u00e9diaire de <strong>St\u00e9phane HEULOT<\/strong> Champion de France professionnel en 1996.<a href=\"https:\/\/www.acnc35.com\/equipe\/wp-content\/uploads\/2023\/01\/stephane_heulotjpg.jpg\"><img loading=\"lazy\" decoding=\"async\" class=\"size-medium wp-image-7824 alignnone\" src=\"https:\/\/www.acnc35.com\/equipe\/wp-content\/uploads\/2023\/01\/stephane_heulotjpg-196x300.jpg\" alt=\"\" width=\"196\" height=\"300\" srcset=\"https:\/\/www.acnc35.com\/equipe\/wp-content\/uploads\/2023\/01\/stephane_heulotjpg-196x300.jpg 196w, https:\/\/www.acnc35.com\/equipe\/wp-content\/uploads\/2023\/01\/stephane_heulotjpg.jpg 400w\" sizes=\"auto, (max-width: 196px) 85vw, 196px\" \/><\/a><\/p>\n<p>&nbsp;<\/p>\n<p><strong>C\u00e9dric Delaplace<\/strong> ravit le titre de champion de France Amateur en 2013<\/p>\n<p><img loading=\"lazy\" decoding=\"async\" class=\"wp-image-7825 aligncenter\" src=\"https:\/\/www.acnc35.com\/equipe\/wp-content\/uploads\/2023\/01\/Delaplace.-247x300.png\" alt=\"\" width=\"235\" height=\"285\" srcset=\"https:\/\/www.acnc35.com\/equipe\/wp-content\/uploads\/2023\/01\/Delaplace.-247x300.png 247w, https:\/\/www.acnc35.com\/equipe\/wp-content\/uploads\/2023\/01\/Delaplace..png 529w\" sizes=\"auto, (max-width: 235px) 85vw, 235px\" \/>En 2015 c&#8217;est Cl\u00e9ment Mary qui s&#8217;impose apportant ainsi le 3i\u00e8me titre<\/p>\n<p><a href=\"https:\/\/www.acnc35.com\/equipe\/wp-content\/uploads\/2023\/01\/le-champion-de-france-clement-mary-a-enleve-son-premier_2820072.jpg\"><img loading=\"lazy\" decoding=\"async\" class=\"size-medium wp-image-7826\" src=\"https:\/\/www.acnc35.com\/equipe\/wp-content\/uploads\/2023\/01\/le-champion-de-france-clement-mary-a-enleve-son-premier_2820072-300x191.jpg\" alt=\"\" width=\"300\" height=\"191\" srcset=\"https:\/\/www.acnc35.com\/equipe\/wp-content\/uploads\/2023\/01\/le-champion-de-france-clement-mary-a-enleve-son-premier_2820072-300x191.jpg 300w, https:\/\/www.acnc35.com\/equipe\/wp-content\/uploads\/2023\/01\/le-champion-de-france-clement-mary-a-enleve-son-premier_2820072-768x488.jpg 768w, https:\/\/www.acnc35.com\/equipe\/wp-content\/uploads\/2023\/01\/le-champion-de-france-clement-mary-a-enleve-son-premier_2820072.jpg 944w\" sizes=\"auto, (max-width: 300px) 85vw, 300px\" \/><\/a><\/p>\n<p>Et enfin le 4i\u00e8me titre par <strong>Jason TESSON<\/strong> en 2020<\/p>\n<p><a href=\"https:\/\/www.acnc35.com\/equipe\/wp-content\/uploads\/2020\/10\/5f8c9020040e6.jpg\"><img loading=\"lazy\" decoding=\"async\" class=\"size-medium wp-image-7326 aligncenter\" src=\"https:\/\/www.acnc35.com\/equipe\/wp-content\/uploads\/2020\/10\/5f8c9020040e6-300x200.jpg\" alt=\"\" width=\"300\" height=\"200\" srcset=\"https:\/\/www.acnc35.com\/equipe\/wp-content\/uploads\/2020\/10\/5f8c9020040e6-300x200.jpg 300w, https:\/\/www.acnc35.com\/equipe\/wp-content\/uploads\/2020\/10\/5f8c9020040e6-1024x683.jpg 1024w, https:\/\/www.acnc35.com\/equipe\/wp-content\/uploads\/2020\/10\/5f8c9020040e6-768x512.jpg 768w, https:\/\/www.acnc35.com\/equipe\/wp-content\/uploads\/2020\/10\/5f8c9020040e6-1536x1024.jpg 1536w, https:\/\/www.acnc35.com\/equipe\/wp-content\/uploads\/2020\/10\/5f8c9020040e6-1200x800.jpg 1200w, https:\/\/www.acnc35.com\/equipe\/wp-content\/uploads\/2020\/10\/5f8c9020040e6-272x182.jpg 272w, https:\/\/www.acnc35.com\/equipe\/wp-content\/uploads\/2020\/10\/5f8c9020040e6.jpg 1800w\" sizes=\"auto, (max-width: 300px) 85vw, 300px\" \/><\/a><\/p>\n<p>De plus de nombreux coureurs \u00e9trangers ont port\u00e9 leur maillot national respectif pendant leur passage au club:<\/p>\n<ul>\n<li>Paulius \u0160i\u0161kevi\u010dius champion de Lituanie en 2014&nbsp;<\/li>\n<li id=\"firstHeading\" class=\"firstHeading mw-first-heading\"><span class=\"mw-page-title-main\">Hamish Schreurs&nbsp; champion de Nouvelle Z\u00e9lande en 2015<\/span><\/li>\n<li id=\"firstHeading\" class=\"firstHeading mw-first-heading\">Stylian\u00f3s Farant\u00e1kis champion de Gr\u00e8ce en 2019<\/li>\n<\/ul>\n<p>De nombreux coureurs ont \u00e9galement franchi les rangs professionnels en passant par notre club, on peut citer pour les plus connus <strong>Pierre Rolland, Guillaume Martin, Julien Simon, JasonTesson&nbsp;<\/strong><\/p>\n<h2 id=\"professionnels\">Les coureurs professionnels pass\u00e9s par notre club<\/h2>\n<p style=\"text-align: center;\"><a title=\"Jean-Marc Bideau\" href=\"https:\/\/fr.wikipedia.org\/wiki\/Jean-Marc_Bideau\">Jean-Marc Bideau<\/a><\/p>\n<p style=\"text-align: center;\"><a title=\"Erwann Corbel\" href=\"https:\/\/fr.wikipedia.org\/wiki\/Erwann_Corbel\">Erwann Corbel<\/a><\/p>\n<p style=\"text-align: center;\"><a title=\"Florian Guillou\" href=\"https:\/\/fr.wikipedia.org\/wiki\/Florian_Guillou\">Florian Guillou<\/a><\/p>\n<p style=\"text-align: center;\"><a title=\"Guillaume Le Floch\" href=\"https:\/\/fr.wikipedia.org\/wiki\/Guillaume_Le_Floch\">Guillaume Le Floch<\/a><\/p>\n<p style=\"text-align: center;\"><a title=\"Florian Le Corre\" href=\"https:\/\/fr.wikipedia.org\/wiki\/Florian_Le_Corre\">Florian Le Corre<\/a><\/p>\n<p style=\"text-align: center;\"><a title=\"Pierre Rolland (cyclisme)\" href=\"https:\/\/fr.wikipedia.org\/wiki\/Pierre_Rolland_(cyclisme)\">Pierre Rolland<\/a><\/p>\n<p style=\"text-align: center;\"><a title=\"Maxime Daniel\" href=\"https:\/\/fr.wikipedia.org\/wiki\/Maxime_Daniel\">Maxime Daniel<\/a><\/p>\n<p style=\"text-align: center;\"><a title=\"Julien Simon\" href=\"https:\/\/fr.wikipedia.org\/wiki\/Julien_Simon\">Julien Simon<\/a><\/p>\n<p style=\"text-align: center;\"><a title=\"Anthony Delaplace\" href=\"https:\/\/fr.wikipedia.org\/wiki\/Anthony_Delaplace\">Anthony Delaplace<\/a><\/p>\n<p style=\"text-align: center;\"><a title=\"Christophe Laborie\" href=\"https:\/\/fr.wikipedia.org\/wiki\/Christophe_Laborie\">Christophe Laborie<\/a><\/p>\n<p style=\"text-align: center;\"><a title=\"Jean-Lou Paiani\" href=\"https:\/\/fr.wikipedia.org\/wiki\/Jean-Lou_Paiani\">Jean-Lou Paiani<\/a><\/p>\n<p style=\"text-align: center;\"><a title=\"Paul Poux\" href=\"https:\/\/fr.wikipedia.org\/wiki\/Paul_Poux\">Paul Poux<\/a><\/p>\n<p style=\"text-align: center;\"><a title=\"\u00c9tienne Tortelier\" href=\"https:\/\/fr.wikipedia.org\/wiki\/%C3%89tienne_Tortelier\">\u00c9tienne Tortelier<\/a><\/p>\n<p style=\"text-align: center;\"><a title=\"Maxime Renault\" href=\"https:\/\/fr.wikipedia.org\/wiki\/Maxime_Renault\">Maxime Renault<\/a><\/p>\n<p style=\"text-align: center;\"><a class=\"mw-redirect\" title=\"Guillaume Martin\" href=\"https:\/\/fr.wikipedia.org\/wiki\/Guillaume_Martin\">Guillaume Martin<\/a><\/p>\n<p style=\"text-align: center;\"><a title=\"Yannis Yssaad\" href=\"https:\/\/fr.wikipedia.org\/wiki\/Yannis_Yssaad\">Yannis Yssaad<\/a><\/p>\n<p style=\"text-align: center;\"><a title=\"Emmanuel Morin\" href=\"https:\/\/fr.wikipedia.org\/wiki\/Emmanuel_Morin\">Emmanuel Morin<\/a><\/p>\n<p style=\"text-align: center;\"><a title=\"Cl\u00e9ment Davy\" href=\"https:\/\/fr.wikipedia.org\/wiki\/Cl%C3%A9ment_Davy\">Cl\u00e9ment Davy<\/a><\/p>\n<p style=\"text-align: center;\"><a title=\"Jason Tesson\" href=\"https:\/\/fr.wikipedia.org\/wiki\/Jason_Tesson\">Jason Tesson<\/a><\/p>\n<p style=\"text-align: center;\"><a title=\"Adrien Lagr\u00e9e\" href=\"https:\/\/fr.wikipedia.org\/wiki\/Adrien_Lagr%C3%A9e\">Adrien Lagr\u00e9e<\/a><\/p>\n<p style=\"text-align: center;\"><a title=\"Tom Mainguenaud\" href=\"https:\/\/fr.wikipedia.org\/wiki\/Tom_Mainguenaud\">Tom Mainguenaud<\/a><\/p>\n<p style=\"text-align: center;\"><a title=\"\" href=\"https:\/\/fr.wikipedia.org\/wiki\/Paulius_%C5%A0i%C5%A1kevi%C4%8Dius\">Paulius \u0160i\u0161kevi\u010dius<\/a><\/p>\n<p style=\"text-align: center;\"><a href=\"https:\/\/fr.wikipedia.org\/wiki\/Hamish_Schreurs\">Hamish Schreurs<\/a><\/p>\n<p style=\"text-align: center;\"><a href=\"https:\/\/fr.wikipedia.org\/wiki\/Riley_Sheehan\">Riley_Sheehan<\/a><\/p>\n<p>&nbsp;<\/p>\n<p>&nbsp;<\/p>\n<\/div>\n<\/div><\/div><\/div><\/div><\/div>\n\n\n<p><\/p>\n\n\n\n<p><\/p>\n\n\n\n<p><\/p>\n\n\n\n<p><\/p>\n","protected":false},"excerpt":{"rendered":"","protected":false},"author":1,"featured_media":0,"parent":0,"menu_order":0,"comment_status":"closed","ping_status":"closed","template":"","meta":{"ngg_post_thumbnail":0,"footnotes":""},"class_list":["post-7782","page","type-page","status-publish","hentry"],"yoast_head":"<!-- This site is optimized with the Yoast SEO plugin v27.1.1 - https:\/\/yoast.com\/product\/yoast-seo-wordpress\/ -->\n<title>Historique - ACNC<\/title>\n<meta name=\"description\" content=\"ACNC\" \/>\n<meta name=\"robots\" content=\"index, follow, max-snippet:-1, max-image-preview:large, max-video-preview:-1\" \/>\n<link rel=\"canonical\" href=\"https:\/\/www.acnc35.com\/equipe\/index.php\/7782-2\/\" \/>\n<meta property=\"og:locale\" content=\"fr_FR\" \/>\n<meta property=\"og:type\" content=\"article\" \/>\n<meta property=\"og:title\" content=\"Historique - ACNC\" \/>\n<meta property=\"og:description\" content=\"ACNC\" \/>\n<meta property=\"og:url\" content=\"https:\/\/www.acnc35.com\/equipe\/index.php\/7782-2\/\" \/>\n<meta property=\"og:site_name\" content=\"ACNC\" \/>\n<meta property=\"article:modified_time\" content=\"2023-12-27T18:12:07+00:00\" \/>\n<meta property=\"og:image\" content=\"https:\/\/www.acnc35.com\/equipe\/wp-content\/uploads\/2023\/01\/stephane_heulotjpg.jpg\" \/>\n\t<meta property=\"og:image:width\" content=\"400\" \/>\n\t<meta property=\"og:image:height\" content=\"613\" \/>\n\t<meta property=\"og:image:type\" content=\"image\/jpeg\" \/>\n<meta name=\"twitter:card\" content=\"summary_large_image\" \/>\n<meta name=\"twitter:label1\" content=\"Dur\u00e9e de lecture estim\u00e9e\" \/>\n\t<meta name=\"twitter:data1\" content=\"1 minute\" \/>\n<script type=\"application\/ld+json\" class=\"yoast-schema-graph\">{\"@context\":\"https:\/\/schema.org\",\"@graph\":[{\"@type\":\"WebPage\",\"@id\":\"https:\/\/www.acnc35.com\/equipe\/index.php\/7782-2\/\",\"url\":\"https:\/\/www.acnc35.com\/equipe\/index.php\/7782-2\/\",\"name\":\"Historique - ACNC\",\"isPartOf\":{\"@id\":\"https:\/\/www.acnc35.com\/equipe\/#website\"},\"primaryImageOfPage\":{\"@id\":\"https:\/\/www.acnc35.com\/equipe\/index.php\/7782-2\/#primaryimage\"},\"image\":{\"@id\":\"https:\/\/www.acnc35.com\/equipe\/index.php\/7782-2\/#primaryimage\"},\"thumbnailUrl\":\"https:\/\/www.acnc35.com\/equipe\/wp-content\/uploads\/2023\/01\/stephane_heulotjpg-196x300.jpg\",\"datePublished\":\"2023-01-05T17:38:33+00:00\",\"dateModified\":\"2023-12-27T18:12:07+00:00\",\"description\":\"ACNC\",\"breadcrumb\":{\"@id\":\"https:\/\/www.acnc35.com\/equipe\/index.php\/7782-2\/#breadcrumb\"},\"inLanguage\":\"fr-FR\",\"potentialAction\":[{\"@type\":\"ReadAction\",\"target\":[\"https:\/\/www.acnc35.com\/equipe\/index.php\/7782-2\/\"]}]},{\"@type\":\"ImageObject\",\"inLanguage\":\"fr-FR\",\"@id\":\"https:\/\/www.acnc35.com\/equipe\/index.php\/7782-2\/#primaryimage\",\"url\":\"https:\/\/www.acnc35.com\/equipe\/wp-content\/uploads\/2023\/01\/stephane_heulotjpg.jpg\",\"contentUrl\":\"https:\/\/www.acnc35.com\/equipe\/wp-content\/uploads\/2023\/01\/stephane_heulotjpg.jpg\",\"width\":400,\"height\":613},{\"@type\":\"BreadcrumbList\",\"@id\":\"https:\/\/www.acnc35.com\/equipe\/index.php\/7782-2\/#breadcrumb\",\"itemListElement\":[{\"@type\":\"ListItem\",\"position\":1,\"name\":\"Accueil\",\"item\":\"https:\/\/www.acnc35.com\/equipe\/\"},{\"@type\":\"ListItem\",\"position\":2,\"name\":\"Historique\"}]},{\"@type\":\"WebSite\",\"@id\":\"https:\/\/www.acnc35.com\/equipe\/#website\",\"url\":\"https:\/\/www.acnc35.com\/equipe\/\",\"name\":\"ACNC\",\"description\":\"ACNC Formation\",\"publisher\":{\"@id\":\"https:\/\/www.acnc35.com\/equipe\/#organization\"},\"potentialAction\":[{\"@type\":\"SearchAction\",\"target\":{\"@type\":\"EntryPoint\",\"urlTemplate\":\"https:\/\/www.acnc35.com\/equipe\/?s={search_term_string}\"},\"query-input\":{\"@type\":\"PropertyValueSpecification\",\"valueRequired\":true,\"valueName\":\"search_term_string\"}}],\"inLanguage\":\"fr-FR\"},{\"@type\":\"Organization\",\"@id\":\"https:\/\/www.acnc35.com\/equipe\/#organization\",\"name\":\"ACNC\",\"url\":\"https:\/\/www.acnc35.com\/equipe\/\",\"logo\":{\"@type\":\"ImageObject\",\"inLanguage\":\"fr-FR\",\"@id\":\"https:\/\/www.acnc35.com\/equipe\/#\/schema\/logo\/image\/\",\"url\":\"https:\/\/www.acnc35.com\/equipe\/wp-content\/uploads\/2023\/12\/cropped-cropped-ACNC-logo-2024_tr-1.png\",\"contentUrl\":\"https:\/\/www.acnc35.com\/equipe\/wp-content\/uploads\/2023\/12\/cropped-cropped-ACNC-logo-2024_tr-1.png\",\"width\":240,\"height\":240,\"caption\":\"ACNC\"},\"image\":{\"@id\":\"https:\/\/www.acnc35.com\/equipe\/#\/schema\/logo\/image\/\"}}]}<\/script>\n<!-- \/ Yoast SEO plugin. -->","yoast_head_json":{"title":"Historique - ACNC","description":"ACNC","robots":{"index":"index","follow":"follow","max-snippet":"max-snippet:-1","max-image-preview":"max-image-preview:large","max-video-preview":"max-video-preview:-1"},"canonical":"https:\/\/www.acnc35.com\/equipe\/index.php\/7782-2\/","og_locale":"fr_FR","og_type":"article","og_title":"Historique - ACNC","og_description":"ACNC","og_url":"https:\/\/www.acnc35.com\/equipe\/index.php\/7782-2\/","og_site_name":"ACNC","article_modified_time":"2023-12-27T18:12:07+00:00","og_image":[{"width":400,"height":613,"url":"https:\/\/www.acnc35.com\/equipe\/wp-content\/uploads\/2023\/01\/stephane_heulotjpg.jpg","type":"image\/jpeg"}],"twitter_card":"summary_large_image","twitter_misc":{"Dur\u00e9e de lecture estim\u00e9e":"1 minute"},"schema":{"@context":"https:\/\/schema.org","@graph":[{"@type":"WebPage","@id":"https:\/\/www.acnc35.com\/equipe\/index.php\/7782-2\/","url":"https:\/\/www.acnc35.com\/equipe\/index.php\/7782-2\/","name":"Historique - ACNC","isPartOf":{"@id":"https:\/\/www.acnc35.com\/equipe\/#website"},"primaryImageOfPage":{"@id":"https:\/\/www.acnc35.com\/equipe\/index.php\/7782-2\/#primaryimage"},"image":{"@id":"https:\/\/www.acnc35.com\/equipe\/index.php\/7782-2\/#primaryimage"},"thumbnailUrl":"https:\/\/www.acnc35.com\/equipe\/wp-content\/uploads\/2023\/01\/stephane_heulotjpg-196x300.jpg","datePublished":"2023-01-05T17:38:33+00:00","dateModified":"2023-12-27T18:12:07+00:00","description":"ACNC","breadcrumb":{"@id":"https:\/\/www.acnc35.com\/equipe\/index.php\/7782-2\/#breadcrumb"},"inLanguage":"fr-FR","potentialAction":[{"@type":"ReadAction","target":["https:\/\/www.acnc35.com\/equipe\/index.php\/7782-2\/"]}]},{"@type":"ImageObject","inLanguage":"fr-FR","@id":"https:\/\/www.acnc35.com\/equipe\/index.php\/7782-2\/#primaryimage","url":"https:\/\/www.acnc35.com\/equipe\/wp-content\/uploads\/2023\/01\/stephane_heulotjpg.jpg","contentUrl":"https:\/\/www.acnc35.com\/equipe\/wp-content\/uploads\/2023\/01\/stephane_heulotjpg.jpg","width":400,"height":613},{"@type":"BreadcrumbList","@id":"https:\/\/www.acnc35.com\/equipe\/index.php\/7782-2\/#breadcrumb","itemListElement":[{"@type":"ListItem","position":1,"name":"Accueil","item":"https:\/\/www.acnc35.com\/equipe\/"},{"@type":"ListItem","position":2,"name":"Historique"}]},{"@type":"WebSite","@id":"https:\/\/www.acnc35.com\/equipe\/#website","url":"https:\/\/www.acnc35.com\/equipe\/","name":"ACNC","description":"ACNC Formation","publisher":{"@id":"https:\/\/www.acnc35.com\/equipe\/#organization"},"potentialAction":[{"@type":"SearchAction","target":{"@type":"EntryPoint","urlTemplate":"https:\/\/www.acnc35.com\/equipe\/?s={search_term_string}"},"query-input":{"@type":"PropertyValueSpecification","valueRequired":true,"valueName":"search_term_string"}}],"inLanguage":"fr-FR"},{"@type":"Organization","@id":"https:\/\/www.acnc35.com\/equipe\/#organization","name":"ACNC","url":"https:\/\/www.acnc35.com\/equipe\/","logo":{"@type":"ImageObject","inLanguage":"fr-FR","@id":"https:\/\/www.acnc35.com\/equipe\/#\/schema\/logo\/image\/","url":"https:\/\/www.acnc35.com\/equipe\/wp-content\/uploads\/2023\/12\/cropped-cropped-ACNC-logo-2024_tr-1.png","contentUrl":"https:\/\/www.acnc35.com\/equipe\/wp-content\/uploads\/2023\/12\/cropped-cropped-ACNC-logo-2024_tr-1.png","width":240,"height":240,"caption":"ACNC"},"image":{"@id":"https:\/\/www.acnc35.com\/equipe\/#\/schema\/logo\/image\/"}}]}},"_links":{"self":[{"href":"https:\/\/www.acnc35.com\/equipe\/index.php\/wp-json\/wp\/v2\/pages\/7782","targetHints":{"allow":["GET"]}}],"collection":[{"href":"https:\/\/www.acnc35.com\/equipe\/index.php\/wp-json\/wp\/v2\/pages"}],"about":[{"href":"https:\/\/www.acnc35.com\/equipe\/index.php\/wp-json\/wp\/v2\/types\/page"}],"author":[{"embeddable":true,"href":"https:\/\/www.acnc35.com\/equipe\/index.php\/wp-json\/wp\/v2\/users\/1"}],"replies":[{"embeddable":true,"href":"https:\/\/www.acnc35.com\/equipe\/index.php\/wp-json\/wp\/v2\/comments?post=7782"}],"version-history":[{"count":5,"href":"https:\/\/www.acnc35.com\/equipe\/index.php\/wp-json\/wp\/v2\/pages\/7782\/revisions"}],"predecessor-version":[{"id":8408,"href":"https:\/\/www.acnc35.com\/equipe\/index.php\/wp-json\/wp\/v2\/pages\/7782\/revisions\/8408"}],"wp:attachment":[{"href":"https:\/\/www.acnc35.com\/equipe\/index.php\/wp-json\/wp\/v2\/media?parent=7782"}],"curies":[{"name":"wp","href":"https:\/\/api.w.org\/{rel}","templated":true}]}}