{"id":4244,"date":"2018-12-07T17:20:36","date_gmt":"2018-12-07T16:20:36","guid":{"rendered":"https:\/\/www.acnc35.com\/equipe\/?page_id=4244"},"modified":"2018-12-07T18:23:51","modified_gmt":"2018-12-07T17:23:51","slug":"politique-de-confidentialite","status":"publish","type":"page","link":"https:\/\/www.acnc35.com\/equipe\/index.php\/politique-de-confidentialite\/","title":{"rendered":"Politique de confidentialit\u00e9"},"content":{"rendered":"\n<h2 class=\"wp-block-heading\">Qui sommes-nous&nbsp;?<\/h2>\n\n\n\n<p>L\u2019adresse de notre site Web est&nbsp;: <strong>www.acnc35.com<\/strong>. Il est administr\u00e9 par ACNC&nbsp;<\/p>\n\n\n\n<p style=\"text-align:center\"><br><strong>4 rue Pierre Marzin , 35230 Noyal-Ch\u00e2tillon-sur-Seiche<\/strong>. <\/p>\n\n\n\n<p>et h\u00e9berg\u00e9 chez OVH<\/p>\n\n\n\n<h2 class=\"wp-block-heading\">Utilisation des donn\u00e9es personnelles collect\u00e9es<\/h2>\n\n\n\n<p>Le site ne collecte pas de donn\u00e9es et n&#8217;utilise pas de cookies dans sa parte publique. La politique de confidentialit\u00e9 concernant sa partie priv\u00e9e est accessible quand on acc\u00e8de \u00e0 la rubrique cyclos point d&#8217;entr\u00e9e de cet espace priv\u00e9.<\/p>\n","protected":false},"excerpt":{"rendered":"<p>Qui sommes-nous&nbsp;? L\u2019adresse de notre site Web est&nbsp;: www.acnc35.com. Il est administr\u00e9 par ACNC&nbsp; 4 rue Pierre Marzin , 35230 Noyal-Ch\u00e2tillon-sur-Seiche. et h\u00e9berg\u00e9 chez OVH Utilisation des donn\u00e9es personnelles collect\u00e9es Le site ne collecte pas de donn\u00e9es et n&#8217;utilise pas de cookies dans sa parte publique. La politique de confidentialit\u00e9 concernant sa partie priv\u00e9e est &hellip; <a href=\"https:\/\/www.acnc35.com\/equipe\/index.php\/politique-de-confidentialite\/\" class=\"more-link\">Continuer la lecture<span class=\"screen-reader-text\"> de &laquo;&nbsp;Politique de confidentialit\u00e9&nbsp;&raquo;<\/span><\/a><\/p>\n","protected":false},"author":1,"featured_media":0,"parent":0,"menu_order":0,"comment_status":"closed","ping_status":"closed","template":"","meta":{"ngg_post_thumbnail":0,"footnotes":""},"class_list":["post-4244","page","type-page","status-publish","hentry"],"yoast_head":"<!-- This site is optimized with the Yoast SEO plugin v27.1.1 - https:\/\/yoast.com\/product\/yoast-seo-wordpress\/ -->\n<title>Politique de confidentialit\u00e9 - ACNC<\/title>\n<meta name=\"description\" content=\"ACNC\" \/>\n<meta name=\"robots\" content=\"index, follow, max-snippet:-1, max-image-preview:large, max-video-preview:-1\" \/>\n<link rel=\"canonical\" href=\"https:\/\/www.acnc35.com\/equipe\/index.php\/politique-de-confidentialite\/\" \/>\n<meta property=\"og:locale\" content=\"fr_FR\" \/>\n<meta property=\"og:type\" content=\"article\" \/>\n<meta property=\"og:title\" content=\"Politique de confidentialit\u00e9 - ACNC\" \/>\n<meta property=\"og:description\" content=\"ACNC\" \/>\n<meta property=\"og:url\" content=\"https:\/\/www.acnc35.com\/equipe\/index.php\/politique-de-confidentialite\/\" \/>\n<meta property=\"og:site_name\" content=\"ACNC\" \/>\n<meta property=\"article:modified_time\" content=\"2018-12-07T17:23:51+00:00\" \/>\n<meta property=\"og:image\" content=\"https:\/\/www.acnc35.com\/equipe\/wp-content\/uploads\/2025\/02\/P2220019-scaled.jpg\" \/>\n\t<meta property=\"og:image:width\" content=\"2560\" \/>\n\t<meta property=\"og:image:height\" content=\"1707\" \/>\n\t<meta property=\"og:image:type\" content=\"image\/jpeg\" \/>\n<meta name=\"twitter:card\" content=\"summary_large_image\" \/>\n<script type=\"application\/ld+json\" class=\"yoast-schema-graph\">{\"@context\":\"https:\/\/schema.org\",\"@graph\":[{\"@type\":\"WebPage\",\"@id\":\"https:\/\/www.acnc35.com\/equipe\/index.php\/politique-de-confidentialite\/\",\"url\":\"https:\/\/www.acnc35.com\/equipe\/index.php\/politique-de-confidentialite\/\",\"name\":\"Politique de confidentialit\u00e9 - ACNC\",\"isPartOf\":{\"@id\":\"https:\/\/www.acnc35.com\/equipe\/#website\"},\"datePublished\":\"2018-12-07T16:20:36+00:00\",\"dateModified\":\"2018-12-07T17:23:51+00:00\",\"description\":\"ACNC\",\"breadcrumb\":{\"@id\":\"https:\/\/www.acnc35.com\/equipe\/index.php\/politique-de-confidentialite\/#breadcrumb\"},\"inLanguage\":\"fr-FR\",\"potentialAction\":[{\"@type\":\"ReadAction\",\"target\":[\"https:\/\/www.acnc35.com\/equipe\/index.php\/politique-de-confidentialite\/\"]}]},{\"@type\":\"BreadcrumbList\",\"@id\":\"https:\/\/www.acnc35.com\/equipe\/index.php\/politique-de-confidentialite\/#breadcrumb\",\"itemListElement\":[{\"@type\":\"ListItem\",\"position\":1,\"name\":\"Accueil\",\"item\":\"https:\/\/www.acnc35.com\/equipe\/\"},{\"@type\":\"ListItem\",\"position\":2,\"name\":\"Politique de confidentialit\u00e9\"}]},{\"@type\":\"WebSite\",\"@id\":\"https:\/\/www.acnc35.com\/equipe\/#website\",\"url\":\"https:\/\/www.acnc35.com\/equipe\/\",\"name\":\"ACNC\",\"description\":\"ACNC Formation\",\"publisher\":{\"@id\":\"https:\/\/www.acnc35.com\/equipe\/#organization\"},\"potentialAction\":[{\"@type\":\"SearchAction\",\"target\":{\"@type\":\"EntryPoint\",\"urlTemplate\":\"https:\/\/www.acnc35.com\/equipe\/?s={search_term_string}\"},\"query-input\":{\"@type\":\"PropertyValueSpecification\",\"valueRequired\":true,\"valueName\":\"search_term_string\"}}],\"inLanguage\":\"fr-FR\"},{\"@type\":\"Organization\",\"@id\":\"https:\/\/www.acnc35.com\/equipe\/#organization\",\"name\":\"ACNC\",\"url\":\"https:\/\/www.acnc35.com\/equipe\/\",\"logo\":{\"@type\":\"ImageObject\",\"inLanguage\":\"fr-FR\",\"@id\":\"https:\/\/www.acnc35.com\/equipe\/#\/schema\/logo\/image\/\",\"url\":\"https:\/\/www.acnc35.com\/equipe\/wp-content\/uploads\/2023\/12\/cropped-cropped-ACNC-logo-2024_tr-1.png\",\"contentUrl\":\"https:\/\/www.acnc35.com\/equipe\/wp-content\/uploads\/2023\/12\/cropped-cropped-ACNC-logo-2024_tr-1.png\",\"width\":240,\"height\":240,\"caption\":\"ACNC\"},\"image\":{\"@id\":\"https:\/\/www.acnc35.com\/equipe\/#\/schema\/logo\/image\/\"}}]}<\/script>\n<!-- \/ Yoast SEO plugin. -->","yoast_head_json":{"title":"Politique de confidentialit\u00e9 - ACNC","description":"ACNC","robots":{"index":"index","follow":"follow","max-snippet":"max-snippet:-1","max-image-preview":"max-image-preview:large","max-video-preview":"max-video-preview:-1"},"canonical":"https:\/\/www.acnc35.com\/equipe\/index.php\/politique-de-confidentialite\/","og_locale":"fr_FR","og_type":"article","og_title":"Politique de confidentialit\u00e9 - ACNC","og_description":"ACNC","og_url":"https:\/\/www.acnc35.com\/equipe\/index.php\/politique-de-confidentialite\/","og_site_name":"ACNC","article_modified_time":"2018-12-07T17:23:51+00:00","og_image":[{"width":2560,"height":1707,"url":"https:\/\/www.acnc35.com\/equipe\/wp-content\/uploads\/2025\/02\/P2220019-scaled.jpg","type":"image\/jpeg"}],"twitter_card":"summary_large_image","schema":{"@context":"https:\/\/schema.org","@graph":[{"@type":"WebPage","@id":"https:\/\/www.acnc35.com\/equipe\/index.php\/politique-de-confidentialite\/","url":"https:\/\/www.acnc35.com\/equipe\/index.php\/politique-de-confidentialite\/","name":"Politique de confidentialit\u00e9 - ACNC","isPartOf":{"@id":"https:\/\/www.acnc35.com\/equipe\/#website"},"datePublished":"2018-12-07T16:20:36+00:00","dateModified":"2018-12-07T17:23:51+00:00","description":"ACNC","breadcrumb":{"@id":"https:\/\/www.acnc35.com\/equipe\/index.php\/politique-de-confidentialite\/#breadcrumb"},"inLanguage":"fr-FR","potentialAction":[{"@type":"ReadAction","target":["https:\/\/www.acnc35.com\/equipe\/index.php\/politique-de-confidentialite\/"]}]},{"@type":"BreadcrumbList","@id":"https:\/\/www.acnc35.com\/equipe\/index.php\/politique-de-confidentialite\/#breadcrumb","itemListElement":[{"@type":"ListItem","position":1,"name":"Accueil","item":"https:\/\/www.acnc35.com\/equipe\/"},{"@type":"ListItem","position":2,"name":"Politique de confidentialit\u00e9"}]},{"@type":"WebSite","@id":"https:\/\/www.acnc35.com\/equipe\/#website","url":"https:\/\/www.acnc35.com\/equipe\/","name":"ACNC","description":"ACNC Formation","publisher":{"@id":"https:\/\/www.acnc35.com\/equipe\/#organization"},"potentialAction":[{"@type":"SearchAction","target":{"@type":"EntryPoint","urlTemplate":"https:\/\/www.acnc35.com\/equipe\/?s={search_term_string}"},"query-input":{"@type":"PropertyValueSpecification","valueRequired":true,"valueName":"search_term_string"}}],"inLanguage":"fr-FR"},{"@type":"Organization","@id":"https:\/\/www.acnc35.com\/equipe\/#organization","name":"ACNC","url":"https:\/\/www.acnc35.com\/equipe\/","logo":{"@type":"ImageObject","inLanguage":"fr-FR","@id":"https:\/\/www.acnc35.com\/equipe\/#\/schema\/logo\/image\/","url":"https:\/\/www.acnc35.com\/equipe\/wp-content\/uploads\/2023\/12\/cropped-cropped-ACNC-logo-2024_tr-1.png","contentUrl":"https:\/\/www.acnc35.com\/equipe\/wp-content\/uploads\/2023\/12\/cropped-cropped-ACNC-logo-2024_tr-1.png","width":240,"height":240,"caption":"ACNC"},"image":{"@id":"https:\/\/www.acnc35.com\/equipe\/#\/schema\/logo\/image\/"}}]}},"_links":{"self":[{"href":"https:\/\/www.acnc35.com\/equipe\/index.php\/wp-json\/wp\/v2\/pages\/4244","targetHints":{"allow":["GET"]}}],"collection":[{"href":"https:\/\/www.acnc35.com\/equipe\/index.php\/wp-json\/wp\/v2\/pages"}],"about":[{"href":"https:\/\/www.acnc35.com\/equipe\/index.php\/wp-json\/wp\/v2\/types\/page"}],"author":[{"embeddable":true,"href":"https:\/\/www.acnc35.com\/equipe\/index.php\/wp-json\/wp\/v2\/users\/1"}],"replies":[{"embeddable":true,"href":"https:\/\/www.acnc35.com\/equipe\/index.php\/wp-json\/wp\/v2\/comments?post=4244"}],"version-history":[{"count":4,"href":"https:\/\/www.acnc35.com\/equipe\/index.php\/wp-json\/wp\/v2\/pages\/4244\/revisions"}],"predecessor-version":[{"id":4251,"href":"https:\/\/www.acnc35.com\/equipe\/index.php\/wp-json\/wp\/v2\/pages\/4244\/revisions\/4251"}],"wp:attachment":[{"href":"https:\/\/www.acnc35.com\/equipe\/index.php\/wp-json\/wp\/v2\/media?parent=4244"}],"curies":[{"name":"wp","href":"https:\/\/api.w.org\/{rel}","templated":true}]}}