{"id":328,"date":"2016-10-17T20:50:06","date_gmt":"2016-10-17T18:50:06","guid":{"rendered":"https:\/\/www.acnc35.com\/equipe\/?page_id=328"},"modified":"2023-12-27T18:24:07","modified_gmt":"2023-12-27T17:24:07","slug":"presentation-3","status":"publish","type":"page","link":"https:\/\/www.acnc35.com\/equipe\/index.php\/presentation-3\/","title":{"rendered":"Nos valeurs"},"content":{"rendered":"<div id=\"pl-328\"  class=\"panel-layout\" ><div id=\"pg-328-0\"  class=\"panel-grid panel-no-style\" ><div id=\"pgc-328-0-0\"  class=\"panel-grid-cell\" ><div id=\"panel-328-0-0-0\" class=\"so-panel widget widget_siteorigin-panels-builder panel-first-child panel-last-child\" data-index=\"0\" ><div id=\"pl-w658c5db733d05\"  class=\"panel-layout\" ><div id=\"pg-w658c5db733d05-0\"  class=\"panel-grid panel-no-style\" ><div id=\"pgc-w658c5db733d05-0-0\"  class=\"panel-grid-cell\" ><div id=\"panel-w658c5db733d05-0-0-0\" class=\"so-panel widget widget_siteorigin-panels-builder panel-first-child panel-last-child\" data-index=\"0\" ><div id=\"pl-w658c5db733d15\"  class=\"panel-layout\" ><div id=\"pg-w658c5db733d15-0\"  class=\"panel-grid panel-no-style\" ><div id=\"pgc-w658c5db733d15-0-0\"  class=\"panel-grid-cell\" ><div id=\"panel-w658c5db733d15-0-0-0\" class=\"so-panel widget widget_sow-editor panel-first-child panel-last-child\" data-index=\"0\" ><div\n\t\t\t\n\t\t\tclass=\"so-widget-sow-editor so-widget-sow-editor-base\"\n\t\t\t\n\t\t>\n<div class=\"siteorigin-widget-tinymce textwidget\">\n\t<h1 style=\"text-align: center;\"><strong>Accueillir, Encadrer, Former, P\u00e9renniser<\/strong><\/h1>\n<p style=\"text-align: center;\">L'\u00e9quipe Association Cycliste Noyal-Ch\u00e2tillon Formation , une certaine id\u00e9e du sport...<\/p>\n<h2>La comp\u00e9tence<\/h2>\n<p>Les cadres de l'\u00e9quipe \u00e9laborent des plans d'entra\u00eenements personnalis\u00e9s :<br \/>\n- tests d'efforts,<br \/>\n- visites m\u00e9dicales fr\u00e9quentes,<br \/>\n- travail sur la r\u00e9cup\u00e9ration,<br \/>\n- la di\u00e9t\u00e9tique...<\/p>\n<h2>Le s\u00e9rieux<\/h2>\n<p>Notre but est d'apporter \u00e0 chaque cycliste un maximum de moyens pour r\u00e9ussir \u00e0 concilier leurs \u00e9tudes et leur sport favori. Ainsi, le staff maintient une coh\u00e9rence dans l'accompagnement des coureurs vers le haut niveau.<\/p>\n<\/div>\n<\/div><\/div><\/div><\/div><div id=\"pg-w658c5db733d15-1\"  class=\"panel-grid panel-no-style\" ><div id=\"pgc-w658c5db733d15-1-0\"  class=\"panel-grid-cell\" ><div id=\"panel-w658c5db733d15-1-0-0\" class=\"so-panel widget widget_sow-image panel-first-child panel-last-child\" data-index=\"1\" ><div\n\t\t\t\n\t\t\tclass=\"so-widget-sow-image so-widget-sow-image-default-8b5b6f678277\"\n\t\t\t\n\t\t>\n<div class=\"sow-image-container\">\n\t\t<img \n\tsrc=\"https:\/\/www.acnc35.com\/equipe\/wp-content\/uploads\/2016\/10\/testeffort-e1476995785229-225x300.jpg\" width=\"225\" height=\"300\" srcset=\"https:\/\/www.acnc35.com\/equipe\/wp-content\/uploads\/2016\/10\/testeffort-e1476995785229-225x300.jpg 225w, https:\/\/www.acnc35.com\/equipe\/wp-content\/uploads\/2016\/10\/testeffort-e1476995785229-768x1024.jpg 768w, https:\/\/www.acnc35.com\/equipe\/wp-content\/uploads\/2016\/10\/testeffort-e1476995785229-1200x1600.jpg 1200w\" sizes=\"(max-width: 225px) 85vw, 225px\" title=\"testeffort\" alt=\"\" \t\tclass=\"so-widget-image\"\/>\n\t<\/div>\n\n<\/div><\/div><\/div><div id=\"pgc-w658c5db733d15-1-1\"  class=\"panel-grid-cell\" ><div id=\"panel-w658c5db733d15-1-1-0\" class=\"so-panel widget widget_sow-editor panel-first-child panel-last-child\" data-index=\"2\" ><div\n\t\t\t\n\t\t\tclass=\"so-widget-sow-editor so-widget-sow-editor-base\"\n\t\t\t\n\t\t>\n<div class=\"siteorigin-widget-tinymce textwidget\">\n\t<h2>&nbsp;L'\u00e9thique<\/h2>\n<p>Conscient que le sport est aujourd'hui menac\u00e9 par le d\u00e9veloppement du dopage et de la violence, l'Association Cycliste Noyal-Ch\u00e2tillon Formation  a choisi de se battre pour un sport propre et articule sa philosophie autour de la d\u00e9fense de l'\u00e9thique sportive.<\/p>\n<p>C'est pourquoi, chaque licenci\u00e9 adh\u00e8re, lors de son arriv\u00e9e dans le club, \u00e0 la charte du respect de l'\u00e9thique sportive et de la vie de l'association.<\/p>\n<\/div>\n<\/div><\/div><\/div><\/div><div id=\"pg-w658c5db733d15-2\"  class=\"panel-grid panel-no-style\" ><div id=\"pgc-w658c5db733d15-2-0\"  class=\"panel-grid-cell\" ><div id=\"panel-w658c5db733d15-2-0-0\" class=\"so-panel widget widget_sow-editor panel-first-child panel-last-child\" data-index=\"3\" ><div\n\t\t\t\n\t\t\tclass=\"so-widget-sow-editor so-widget-sow-editor-base\"\n\t\t\t\n\t\t>\n<div class=\"siteorigin-widget-tinymce textwidget\">\n\t<h2>&nbsp;Le b\u00e9n\u00e9volat<\/h2>\n<p>Le staff porte en tr\u00e8s haute estime les nombreux hommes et femmes de l'ombre qui sacrifient une partie de leur vie de famille pour la cause du v\u00e9lo (\u00e9ducateurs, m\u00e9caniciens, personnel administratif, bricoleurs, charg\u00e9s de communication, informaticiens, signaleurs, etc.).<\/p>\n<\/div>\n<\/div><\/div><\/div><div id=\"pgc-w658c5db733d15-2-1\"  class=\"panel-grid-cell\" ><div id=\"panel-w658c5db733d15-2-1-0\" class=\"so-panel widget widget_sow-image panel-first-child panel-last-child\" data-index=\"4\" ><div class=\"cadre panel-widget-style panel-widget-style-for-w658c5db733d15-2-1-0\" ><div\n\t\t\t\n\t\t\tclass=\"so-widget-sow-image so-widget-sow-image-default-8b5b6f678277\"\n\t\t\t\n\t\t>\n<div class=\"sow-image-container\">\n\t\t<img \n\tsrc=\"https:\/\/www.acnc35.com\/equipe\/wp-content\/uploads\/2016\/10\/brian.jpg\" width=\"480\" height=\"320\" srcset=\"https:\/\/www.acnc35.com\/equipe\/wp-content\/uploads\/2016\/10\/brian.jpg 480w, https:\/\/www.acnc35.com\/equipe\/wp-content\/uploads\/2016\/10\/brian-300x200.jpg 300w, https:\/\/www.acnc35.com\/equipe\/wp-content\/uploads\/2016\/10\/brian-272x182.jpg 272w\" sizes=\"(max-width: 480px) 85vw, 480px\" alt=\"D\u00e9pannage par Brian\" \t\tclass=\"so-widget-image\"\/>\n\t<\/div>\n\n<\/div><\/div><\/div><\/div><\/div><div id=\"pg-w658c5db733d15-3\"  class=\"panel-grid panel-no-style\" ><div id=\"pgc-w658c5db733d15-3-0\"  class=\"panel-grid-cell\" ><div id=\"panel-w658c5db733d15-3-0-0\" class=\"so-panel widget widget_sow-editor panel-first-child panel-last-child\" data-index=\"5\" ><div\n\t\t\t\n\t\t\tclass=\"so-widget-sow-editor so-widget-sow-editor-base\"\n\t\t\t\n\t\t>\n<div class=\"siteorigin-widget-tinymce textwidget\">\n\t<h2>La motivation<\/h2>\n<p>Chaque lundi, une permanence est assur\u00e9e au centre de formation afin de rencontrer les cyclistes et planifier individuellement leurs entra\u00eenements. Le centre de formation dispose de salles de r\u00e9unions, salle de musculation, atelier m\u00e9canique, vestiaires, douches, salle de repos.<\/p>\n<\/div>\n<\/div><\/div><\/div><\/div><div id=\"pg-w658c5db733d15-4\"  class=\"panel-grid panel-no-style\" ><div id=\"pgc-w658c5db733d15-4-0\"  class=\"panel-grid-cell\" ><div id=\"panel-w658c5db733d15-4-0-0\" class=\"so-panel widget widget_sow-editor panel-first-child panel-last-child\" data-index=\"6\" ><div\n\t\t\t\n\t\t\tclass=\"so-widget-sow-editor so-widget-sow-editor-base\"\n\t\t\t\n\t\t>\n<div class=\"siteorigin-widget-tinymce textwidget\">\n\t<h2>L'Amour du cyclisme<\/h2>\n<p>Le soutien de nombreux b\u00e9n\u00e9voles et d'entreprises partenaires exprime l'engagement de longue date des Bretons en faveur du cyclisme. Mieux, il exprime tout l'Amour du cyclisme d'une commune et d'une r\u00e9gion.<\/p>\n<\/div>\n<\/div><\/div><\/div><\/div><\/div><\/div><\/div><\/div><\/div><\/div><\/div><\/div><\/div>","protected":false},"excerpt":{"rendered":"<p>Accueillir, Encadrer, Former, P\u00e9renniser L&#8217;\u00e9quipe Association Cycliste Noyal-Ch\u00e2tillon Formation , une certaine id\u00e9e du sport&#8230; La comp\u00e9tence Les cadres de l&#8217;\u00e9quipe \u00e9laborent des plans d&#8217;entra\u00eenements personnalis\u00e9s : &#8211; tests d&#8217;efforts, &#8211; visites m\u00e9dicales fr\u00e9quentes, &#8211; travail sur la r\u00e9cup\u00e9ration, &#8211; la di\u00e9t\u00e9tique&#8230; Le s\u00e9rieux Notre but est d&#8217;apporter \u00e0 chaque cycliste un maximum de moyens &hellip; <a href=\"https:\/\/www.acnc35.com\/equipe\/index.php\/presentation-3\/\" class=\"more-link\">Continuer la lecture<span class=\"screen-reader-text\"> de &laquo;&nbsp;Nos valeurs&nbsp;&raquo;<\/span><\/a><\/p>\n","protected":false},"author":1,"featured_media":0,"parent":0,"menu_order":0,"comment_status":"closed","ping_status":"closed","template":"template_pleine_page.php","meta":{"ngg_post_thumbnail":0,"footnotes":""},"class_list":["post-328","page","type-page","status-publish","hentry"],"yoast_head":"<!-- This site is optimized with the Yoast SEO plugin v27.1.1 - https:\/\/yoast.com\/product\/yoast-seo-wordpress\/ -->\n<title>Nos valeurs - ACNC<\/title>\n<meta name=\"description\" content=\"ACNC\" \/>\n<meta name=\"robots\" content=\"index, follow, max-snippet:-1, max-image-preview:large, max-video-preview:-1\" \/>\n<link rel=\"canonical\" href=\"https:\/\/www.acnc35.com\/equipe\/index.php\/presentation-3\/\" \/>\n<meta property=\"og:locale\" content=\"fr_FR\" \/>\n<meta property=\"og:type\" content=\"article\" \/>\n<meta property=\"og:title\" content=\"Nos valeurs - ACNC\" \/>\n<meta property=\"og:description\" content=\"ACNC\" \/>\n<meta property=\"og:url\" content=\"https:\/\/www.acnc35.com\/equipe\/index.php\/presentation-3\/\" \/>\n<meta property=\"og:site_name\" content=\"ACNC\" \/>\n<meta property=\"article:modified_time\" content=\"2023-12-27T17:24:07+00:00\" \/>\n<meta property=\"og:image\" content=\"https:\/\/www.acnc35.com\/equipe\/wp-content\/uploads\/2025\/02\/P2220019-scaled.jpg\" \/>\n\t<meta property=\"og:image:width\" content=\"2560\" \/>\n\t<meta property=\"og:image:height\" content=\"1707\" \/>\n\t<meta property=\"og:image:type\" content=\"image\/jpeg\" \/>\n<meta name=\"twitter:card\" content=\"summary_large_image\" \/>\n<meta name=\"twitter:label1\" content=\"Dur\u00e9e de lecture estim\u00e9e\" \/>\n\t<meta name=\"twitter:data1\" content=\"2 minutes\" \/>\n<script type=\"application\/ld+json\" class=\"yoast-schema-graph\">{\"@context\":\"https:\/\/schema.org\",\"@graph\":[{\"@type\":\"WebPage\",\"@id\":\"https:\/\/www.acnc35.com\/equipe\/index.php\/presentation-3\/\",\"url\":\"https:\/\/www.acnc35.com\/equipe\/index.php\/presentation-3\/\",\"name\":\"Nos valeurs - ACNC\",\"isPartOf\":{\"@id\":\"https:\/\/www.acnc35.com\/equipe\/#website\"},\"datePublished\":\"2016-10-17T18:50:06+00:00\",\"dateModified\":\"2023-12-27T17:24:07+00:00\",\"description\":\"ACNC\",\"breadcrumb\":{\"@id\":\"https:\/\/www.acnc35.com\/equipe\/index.php\/presentation-3\/#breadcrumb\"},\"inLanguage\":\"fr-FR\",\"potentialAction\":[{\"@type\":\"ReadAction\",\"target\":[\"https:\/\/www.acnc35.com\/equipe\/index.php\/presentation-3\/\"]}]},{\"@type\":\"BreadcrumbList\",\"@id\":\"https:\/\/www.acnc35.com\/equipe\/index.php\/presentation-3\/#breadcrumb\",\"itemListElement\":[{\"@type\":\"ListItem\",\"position\":1,\"name\":\"Accueil\",\"item\":\"https:\/\/www.acnc35.com\/equipe\/\"},{\"@type\":\"ListItem\",\"position\":2,\"name\":\"Nos valeurs\"}]},{\"@type\":\"WebSite\",\"@id\":\"https:\/\/www.acnc35.com\/equipe\/#website\",\"url\":\"https:\/\/www.acnc35.com\/equipe\/\",\"name\":\"ACNC\",\"description\":\"ACNC Formation\",\"publisher\":{\"@id\":\"https:\/\/www.acnc35.com\/equipe\/#organization\"},\"potentialAction\":[{\"@type\":\"SearchAction\",\"target\":{\"@type\":\"EntryPoint\",\"urlTemplate\":\"https:\/\/www.acnc35.com\/equipe\/?s={search_term_string}\"},\"query-input\":{\"@type\":\"PropertyValueSpecification\",\"valueRequired\":true,\"valueName\":\"search_term_string\"}}],\"inLanguage\":\"fr-FR\"},{\"@type\":\"Organization\",\"@id\":\"https:\/\/www.acnc35.com\/equipe\/#organization\",\"name\":\"ACNC\",\"url\":\"https:\/\/www.acnc35.com\/equipe\/\",\"logo\":{\"@type\":\"ImageObject\",\"inLanguage\":\"fr-FR\",\"@id\":\"https:\/\/www.acnc35.com\/equipe\/#\/schema\/logo\/image\/\",\"url\":\"https:\/\/www.acnc35.com\/equipe\/wp-content\/uploads\/2023\/12\/cropped-cropped-ACNC-logo-2024_tr-1.png\",\"contentUrl\":\"https:\/\/www.acnc35.com\/equipe\/wp-content\/uploads\/2023\/12\/cropped-cropped-ACNC-logo-2024_tr-1.png\",\"width\":240,\"height\":240,\"caption\":\"ACNC\"},\"image\":{\"@id\":\"https:\/\/www.acnc35.com\/equipe\/#\/schema\/logo\/image\/\"}}]}<\/script>\n<!-- \/ Yoast SEO plugin. -->","yoast_head_json":{"title":"Nos valeurs - ACNC","description":"ACNC","robots":{"index":"index","follow":"follow","max-snippet":"max-snippet:-1","max-image-preview":"max-image-preview:large","max-video-preview":"max-video-preview:-1"},"canonical":"https:\/\/www.acnc35.com\/equipe\/index.php\/presentation-3\/","og_locale":"fr_FR","og_type":"article","og_title":"Nos valeurs - ACNC","og_description":"ACNC","og_url":"https:\/\/www.acnc35.com\/equipe\/index.php\/presentation-3\/","og_site_name":"ACNC","article_modified_time":"2023-12-27T17:24:07+00:00","og_image":[{"width":2560,"height":1707,"url":"https:\/\/www.acnc35.com\/equipe\/wp-content\/uploads\/2025\/02\/P2220019-scaled.jpg","type":"image\/jpeg"}],"twitter_card":"summary_large_image","twitter_misc":{"Dur\u00e9e de lecture estim\u00e9e":"2 minutes"},"schema":{"@context":"https:\/\/schema.org","@graph":[{"@type":"WebPage","@id":"https:\/\/www.acnc35.com\/equipe\/index.php\/presentation-3\/","url":"https:\/\/www.acnc35.com\/equipe\/index.php\/presentation-3\/","name":"Nos valeurs - ACNC","isPartOf":{"@id":"https:\/\/www.acnc35.com\/equipe\/#website"},"datePublished":"2016-10-17T18:50:06+00:00","dateModified":"2023-12-27T17:24:07+00:00","description":"ACNC","breadcrumb":{"@id":"https:\/\/www.acnc35.com\/equipe\/index.php\/presentation-3\/#breadcrumb"},"inLanguage":"fr-FR","potentialAction":[{"@type":"ReadAction","target":["https:\/\/www.acnc35.com\/equipe\/index.php\/presentation-3\/"]}]},{"@type":"BreadcrumbList","@id":"https:\/\/www.acnc35.com\/equipe\/index.php\/presentation-3\/#breadcrumb","itemListElement":[{"@type":"ListItem","position":1,"name":"Accueil","item":"https:\/\/www.acnc35.com\/equipe\/"},{"@type":"ListItem","position":2,"name":"Nos valeurs"}]},{"@type":"WebSite","@id":"https:\/\/www.acnc35.com\/equipe\/#website","url":"https:\/\/www.acnc35.com\/equipe\/","name":"ACNC","description":"ACNC Formation","publisher":{"@id":"https:\/\/www.acnc35.com\/equipe\/#organization"},"potentialAction":[{"@type":"SearchAction","target":{"@type":"EntryPoint","urlTemplate":"https:\/\/www.acnc35.com\/equipe\/?s={search_term_string}"},"query-input":{"@type":"PropertyValueSpecification","valueRequired":true,"valueName":"search_term_string"}}],"inLanguage":"fr-FR"},{"@type":"Organization","@id":"https:\/\/www.acnc35.com\/equipe\/#organization","name":"ACNC","url":"https:\/\/www.acnc35.com\/equipe\/","logo":{"@type":"ImageObject","inLanguage":"fr-FR","@id":"https:\/\/www.acnc35.com\/equipe\/#\/schema\/logo\/image\/","url":"https:\/\/www.acnc35.com\/equipe\/wp-content\/uploads\/2023\/12\/cropped-cropped-ACNC-logo-2024_tr-1.png","contentUrl":"https:\/\/www.acnc35.com\/equipe\/wp-content\/uploads\/2023\/12\/cropped-cropped-ACNC-logo-2024_tr-1.png","width":240,"height":240,"caption":"ACNC"},"image":{"@id":"https:\/\/www.acnc35.com\/equipe\/#\/schema\/logo\/image\/"}}]}},"_links":{"self":[{"href":"https:\/\/www.acnc35.com\/equipe\/index.php\/wp-json\/wp\/v2\/pages\/328","targetHints":{"allow":["GET"]}}],"collection":[{"href":"https:\/\/www.acnc35.com\/equipe\/index.php\/wp-json\/wp\/v2\/pages"}],"about":[{"href":"https:\/\/www.acnc35.com\/equipe\/index.php\/wp-json\/wp\/v2\/types\/page"}],"author":[{"embeddable":true,"href":"https:\/\/www.acnc35.com\/equipe\/index.php\/wp-json\/wp\/v2\/users\/1"}],"replies":[{"embeddable":true,"href":"https:\/\/www.acnc35.com\/equipe\/index.php\/wp-json\/wp\/v2\/comments?post=328"}],"version-history":[{"count":6,"href":"https:\/\/www.acnc35.com\/equipe\/index.php\/wp-json\/wp\/v2\/pages\/328\/revisions"}],"predecessor-version":[{"id":8394,"href":"https:\/\/www.acnc35.com\/equipe\/index.php\/wp-json\/wp\/v2\/pages\/328\/revisions\/8394"}],"wp:attachment":[{"href":"https:\/\/www.acnc35.com\/equipe\/index.php\/wp-json\/wp\/v2\/media?parent=328"}],"curies":[{"name":"wp","href":"https:\/\/api.w.org\/{rel}","templated":true}]}}