{"id":282,"date":"2016-10-15T19:11:36","date_gmt":"2016-10-15T17:11:36","guid":{"rendered":"https:\/\/www.acnc35.com\/equipe\/?page_id=282"},"modified":"2026-01-29T19:05:27","modified_gmt":"2026-01-29T18:05:27","slug":"partenaires","status":"publish","type":"page","link":"https:\/\/www.acnc35.com\/equipe\/index.php\/accueil\/partenaires\/","title":{"rendered":"Partenaires"},"content":{"rendered":"<div id=\"pl-282\"  class=\"panel-layout\" ><div id=\"pg-282-0\"  class=\"panel-grid panel-no-style\" ><div id=\"pgc-282-0-0\"  class=\"panel-grid-cell\" ><div id=\"panel-282-0-0-0\" class=\"so-panel widget widget_sow-editor panel-first-child panel-last-child\" data-index=\"0\" ><div\n\t\t\t\n\t\t\tclass=\"so-widget-sow-editor so-widget-sow-editor-base\"\n\t\t\t\n\t\t>\n<div class=\"siteorigin-widget-tinymce textwidget\">\n\t<h1>Partenaires<\/h1>\n<\/div>\n<\/div><\/div><\/div><\/div><div id=\"pg-282-1\"  class=\"panel-grid panel-no-style\" ><div id=\"pgc-282-1-0\"  class=\"panel-grid-cell\" ><div id=\"panel-282-1-0-0\" class=\"so-panel widget widget_sow-image panel-first-child\" data-index=\"1\" ><div\n\t\t\t\n\t\t\tclass=\"so-widget-sow-image so-widget-sow-image-default-3a2476c0e107-282\"\n\t\t\t\n\t\t>\n<div class=\"sow-image-container\">\n\t\t\t<a href=\"https:\/\/www.viandes-clermont.fr\/\"\n\t\t\ttarget=\"_blank\" rel=\"noopener noreferrer\" \t\t>\n\t\t\t<img \n\tsrc=\"https:\/\/www.acnc35.com\/equipe\/wp-content\/uploads\/2025\/01\/logo-Clermont-rouge-300x120.png\" width=\"300\" height=\"120\" srcset=\"https:\/\/www.acnc35.com\/equipe\/wp-content\/uploads\/2025\/01\/logo-Clermont-rouge-300x120.png 300w, https:\/\/www.acnc35.com\/equipe\/wp-content\/uploads\/2025\/01\/logo-Clermont-rouge-768x308.png 768w, https:\/\/www.acnc35.com\/equipe\/wp-content\/uploads\/2025\/01\/logo-Clermont-rouge.png 1024w\" sizes=\"(max-width: 300px) 85vw, 300px\" title=\"les Viandes Clermont, la tradition charcuti\u00e8re aux portes de la Bretagne, \u00e0 Liffr\u00e9\" alt=\"\" \t\tclass=\"so-widget-image\"\/>\n\t\t\t<\/a><\/div>\n\n<\/div><\/div><div id=\"panel-282-1-0-1\" class=\"so-panel widget widget_sow-image\" data-index=\"2\" ><div class=\"panel-widget-style panel-widget-style-for-282-1-0-1\" ><div\n\t\t\t\n\t\t\tclass=\"so-widget-sow-image so-widget-sow-image-default-113ccd71f3e6-282\"\n\t\t\t\n\t\t>\n<div class=\"sow-image-container\">\n\t\t\t<a href=\"https:\/\/alstefgroup.com\/fr\/\"\n\t\t\ttarget=\"_blank\" rel=\"noopener noreferrer\" \t\t>\n\t\t\t<img \n\tsrc=\"https:\/\/www.acnc35.com\/equipe\/wp-content\/uploads\/2026\/01\/alstef.png\" width=\"225\" height=\"225\" srcset=\"https:\/\/www.acnc35.com\/equipe\/wp-content\/uploads\/2026\/01\/alstef.png 225w, https:\/\/www.acnc35.com\/equipe\/wp-content\/uploads\/2026\/01\/alstef-150x150.png 150w\" sizes=\"(max-width: 225px) 85vw, 225px\" title=\"Syst\u00e8mes automatis\u00e9s de manutention \" alt=\"ALSTEF group\" \t\tclass=\"so-widget-image\"\/>\n\t\t\t<\/a><\/div>\n\n<\/div><\/div><\/div><div id=\"panel-282-1-0-2\" class=\"so-panel widget widget_sow-image panel-last-child\" data-index=\"3\" ><div class=\"panel-widget-style panel-widget-style-for-282-1-0-2\" ><div\n\t\t\t\n\t\t\tclass=\"so-widget-sow-image so-widget-sow-image-default-49681edeb466-282\"\n\t\t\t\n\t\t>\n<div class=\"sow-image-container\">\n\t\t\t<a href=\"http:\/\/www.ville-noyal-chatillon.fr\/\"\n\t\t\ttarget=\"_blank\" rel=\"noopener noreferrer\" \t\t>\n\t\t\t<img \n\tsrc=\"https:\/\/www.acnc35.com\/equipe\/wp-content\/uploads\/2023\/12\/logoMairie-300x135.jpg\" width=\"300\" height=\"135\" srcset=\"https:\/\/www.acnc35.com\/equipe\/wp-content\/uploads\/2023\/12\/logoMairie-300x135.jpg 300w, https:\/\/www.acnc35.com\/equipe\/wp-content\/uploads\/2023\/12\/logoMairie.jpg 488w\" sizes=\"(max-width: 300px) 85vw, 300px\" title=\"Mairie de Noyal Chatillon\" alt=\"Logo Mairie Noyal Chatillon\" \t\tclass=\"so-widget-image\"\/>\n\t\t\t<\/a><\/div>\n\n<\/div><\/div><\/div><\/div><div id=\"pgc-282-1-1\"  class=\"panel-grid-cell\" ><div id=\"panel-282-1-1-0\" class=\"so-panel widget widget_sow-image panel-first-child\" data-index=\"4\" ><div\n\t\t\t\n\t\t\tclass=\"so-widget-sow-image so-widget-sow-image-default-6ec9e3772f75-282\"\n\t\t\t\n\t\t>\n<div class=\"sow-image-container\">\n\t\t\t<a href=\"https:\/\/sodico.eu\/\"\n\t\t\ttarget=\"_blank\" rel=\"noopener noreferrer\" \t\t>\n\t\t\t<img \n\tsrc=\"https:\/\/www.acnc35.com\/equipe\/wp-content\/uploads\/2026\/01\/sodico-2-300x300.png\" width=\"300\" height=\"300\" srcset=\"https:\/\/www.acnc35.com\/equipe\/wp-content\/uploads\/2026\/01\/sodico-2-300x300.png 300w, https:\/\/www.acnc35.com\/equipe\/wp-content\/uploads\/2026\/01\/sodico-2-150x150.png 150w, https:\/\/www.acnc35.com\/equipe\/wp-content\/uploads\/2026\/01\/sodico-2.png 410w\" sizes=\"(max-width: 300px) 85vw, 300px\" title=\"SODICO est un distributeur sp\u00e9cialis\u00e9 dans le chauffage au bois\" alt=\"\" \t\tclass=\"so-widget-image\"\/>\n\t\t\t<\/a><\/div>\n\n<\/div><\/div><div id=\"panel-282-1-1-1\" class=\"so-panel widget widget_sow-image\" data-index=\"5\" ><div class=\"panel-widget-style panel-widget-style-for-282-1-1-1\" ><div\n\t\t\t\n\t\t\tclass=\"so-widget-sow-image so-widget-sow-image-default-49681edeb466-282\"\n\t\t\t\n\t\t>\n<div class=\"sow-image-container\">\n\t\t\t<a href=\"https:\/\/www.magasins-u.com\/superu-chatillonsurseiche\"\n\t\t\ttarget=\"_blank\" rel=\"noopener noreferrer\" \t\t>\n\t\t\t<img \n\tsrc=\"https:\/\/www.acnc35.com\/equipe\/wp-content\/uploads\/2016\/10\/super-u-noyal-chatillon-italique-gras-copie-300x109.png\" width=\"300\" height=\"109\" srcset=\"https:\/\/www.acnc35.com\/equipe\/wp-content\/uploads\/2016\/10\/super-u-noyal-chatillon-italique-gras-copie-300x109.png 300w, https:\/\/www.acnc35.com\/equipe\/wp-content\/uploads\/2016\/10\/super-u-noyal-chatillon-italique-gras-copie-768x280.png 768w, https:\/\/www.acnc35.com\/equipe\/wp-content\/uploads\/2016\/10\/super-u-noyal-chatillon-italique-gras-copie-1024x373.png 1024w, https:\/\/www.acnc35.com\/equipe\/wp-content\/uploads\/2016\/10\/super-u-noyal-chatillon-italique-gras-copie.png 1164w\" sizes=\"(max-width: 300px) 85vw, 300px\" title=\"Supermarch\u00e9 de Noyal-Ch\u00e2tillon-sur-Seiche\" alt=\"Supermarch\u00e9 de Noyal-Ch\u00e2tillon-sur-Seiche\" \t\tclass=\"so-widget-image\"\/>\n\t\t\t<\/a><\/div>\n\n<\/div><\/div><\/div><div id=\"panel-282-1-1-2\" class=\"so-panel widget widget_sow-image panel-last-child\" data-index=\"6\" ><div\n\t\t\t\n\t\t\tclass=\"so-widget-sow-image so-widget-sow-image-default-6ec9e3772f75-282\"\n\t\t\t\n\t\t>\n<div class=\"sow-image-container\">\n\t\t\t<a href=\"https:\/\/www.noret.com\/\"\n\t\t\ttarget=\"_blank\" rel=\"noopener noreferrer\" \t\t>\n\t\t\t<img \n\tsrc=\"https:\/\/www.acnc35.com\/equipe\/wp-content\/uploads\/2025\/02\/logo_maison-de-sante-294x300.png\" width=\"294\" height=\"300\" srcset=\"https:\/\/www.acnc35.com\/equipe\/wp-content\/uploads\/2025\/02\/logo_maison-de-sante-294x300.png 294w, https:\/\/www.acnc35.com\/equipe\/wp-content\/uploads\/2025\/02\/logo_maison-de-sante.png 384w\" sizes=\"(max-width: 294px) 85vw, 294px\" title=\"Maison de la sant\u00e9 de Vern sur Seiche\" alt=\"\" \t\tclass=\"so-widget-image\"\/>\n\t\t\t<\/a><\/div>\n\n<\/div><\/div><\/div><div id=\"pgc-282-1-2\"  class=\"panel-grid-cell\" ><div id=\"panel-282-1-2-0\" class=\"so-panel widget widget_sow-image panel-first-child\" data-index=\"7\" ><div\n\t\t\t\n\t\t\tclass=\"so-widget-sow-image so-widget-sow-image-default-3a2476c0e107-282\"\n\t\t\t\n\t\t>\n<div class=\"sow-image-container\">\n\t\t\t<a href=\"https:\/\/www.cornilletgwenael-couverture.com\/\"\n\t\t\ttarget=\"_blank\" rel=\"noopener noreferrer\" \t\t>\n\t\t\t<img \n\tsrc=\"https:\/\/www.acnc35.com\/equipe\/wp-content\/uploads\/2025\/01\/logo-cornillet-300x168.png\" width=\"300\" height=\"168\" srcset=\"https:\/\/www.acnc35.com\/equipe\/wp-content\/uploads\/2025\/01\/logo-cornillet-300x168.png 300w, https:\/\/www.acnc35.com\/equipe\/wp-content\/uploads\/2025\/01\/logo-cornillet.png 461w\" sizes=\"(max-width: 300px) 85vw, 300px\" title=\"Couverture, zinguerie, \u00e9tanch\u00e9it\u00e9\" alt=\"log Gwena\u00ebl Cornillet , couverture, zinguerie\" \t\tclass=\"so-widget-image\"\/>\n\t\t\t<\/a><\/div>\n\n<\/div><\/div><div id=\"panel-282-1-2-1\" class=\"so-panel widget widget_sow-image panel-last-child\" data-index=\"8\" ><div\n\t\t\t\n\t\t\tclass=\"so-widget-sow-image so-widget-sow-image-default-3a2476c0e107-282\"\n\t\t\t\n\t\t>\n<div class=\"sow-image-container\">\n\t\t\t<a href=\"https:\/\/www.centercyclesport.com\/\"\n\t\t\ttarget=\"_blank\" rel=\"noopener noreferrer\" \t\t>\n\t\t\t<img \n\tsrc=\"https:\/\/www.acnc35.com\/equipe\/wp-content\/uploads\/2020\/01\/center-cycle-sport-chartres-de-bretagne.png\" width=\"157\" height=\"157\" srcset=\"https:\/\/www.acnc35.com\/equipe\/wp-content\/uploads\/2020\/01\/center-cycle-sport-chartres-de-bretagne.png 157w, https:\/\/www.acnc35.com\/equipe\/wp-content\/uploads\/2020\/01\/center-cycle-sport-chartres-de-bretagne-150x150.png 150w\" sizes=\"(max-width: 157px) 85vw, 157px\" title=\"Magasin de vente de v\u00e9los\" alt=\"Magasin de vente de v\u00e9los\" \t\tclass=\"so-widget-image\"\/>\n\t\t\t<\/a><\/div>\n\n<\/div><\/div><\/div><\/div><\/div>","protected":false},"excerpt":{"rendered":"<p>Partenaires<\/p>\n","protected":false},"author":1,"featured_media":0,"parent":242,"menu_order":0,"comment_status":"closed","ping_status":"closed","template":"template_pleine_page.php","meta":{"ngg_post_thumbnail":0,"footnotes":""},"class_list":["post-282","page","type-page","status-publish","hentry"],"yoast_head":"<!-- This site is optimized with the Yoast SEO plugin v27.5 - https:\/\/yoast.com\/product\/yoast-seo-wordpress\/ -->\n<title>Partenaires - ACNC<\/title>\n<meta name=\"description\" content=\"ACNC\" \/>\n<meta name=\"robots\" content=\"index, follow, max-snippet:-1, max-image-preview:large, max-video-preview:-1\" \/>\n<link rel=\"canonical\" href=\"https:\/\/www.acnc35.com\/equipe\/index.php\/accueil\/partenaires\/\" \/>\n<meta property=\"og:locale\" content=\"fr_FR\" \/>\n<meta property=\"og:type\" content=\"article\" \/>\n<meta property=\"og:title\" content=\"Partenaires - ACNC\" \/>\n<meta property=\"og:description\" content=\"ACNC\" \/>\n<meta property=\"og:url\" content=\"https:\/\/www.acnc35.com\/equipe\/index.php\/accueil\/partenaires\/\" \/>\n<meta property=\"og:site_name\" content=\"ACNC\" \/>\n<meta property=\"article:modified_time\" content=\"2026-01-29T18:05:27+00:00\" \/>\n<meta property=\"og:image\" content=\"https:\/\/www.acnc35.com\/equipe\/wp-content\/uploads\/2025\/02\/P2220019-scaled.jpg\" \/>\n\t<meta property=\"og:image:width\" content=\"2560\" \/>\n\t<meta property=\"og:image:height\" content=\"1707\" \/>\n\t<meta property=\"og:image:type\" content=\"image\/jpeg\" \/>\n<meta name=\"twitter:card\" content=\"summary_large_image\" \/>\n<meta name=\"twitter:label1\" content=\"Dur\u00e9e de lecture estim\u00e9e\" \/>\n\t<meta name=\"twitter:data1\" content=\"2 minutes\" \/>\n<script type=\"application\/ld+json\" class=\"yoast-schema-graph\">{\"@context\":\"https:\\\/\\\/schema.org\",\"@graph\":[{\"@type\":\"WebPage\",\"@id\":\"https:\\\/\\\/www.acnc35.com\\\/equipe\\\/index.php\\\/accueil\\\/partenaires\\\/\",\"url\":\"https:\\\/\\\/www.acnc35.com\\\/equipe\\\/index.php\\\/accueil\\\/partenaires\\\/\",\"name\":\"Partenaires - ACNC\",\"isPartOf\":{\"@id\":\"https:\\\/\\\/www.acnc35.com\\\/equipe\\\/#website\"},\"datePublished\":\"2016-10-15T17:11:36+00:00\",\"dateModified\":\"2026-01-29T18:05:27+00:00\",\"description\":\"ACNC\",\"breadcrumb\":{\"@id\":\"https:\\\/\\\/www.acnc35.com\\\/equipe\\\/index.php\\\/accueil\\\/partenaires\\\/#breadcrumb\"},\"inLanguage\":\"fr-FR\",\"potentialAction\":[{\"@type\":\"ReadAction\",\"target\":[\"https:\\\/\\\/www.acnc35.com\\\/equipe\\\/index.php\\\/accueil\\\/partenaires\\\/\"]}]},{\"@type\":\"BreadcrumbList\",\"@id\":\"https:\\\/\\\/www.acnc35.com\\\/equipe\\\/index.php\\\/accueil\\\/partenaires\\\/#breadcrumb\",\"itemListElement\":[{\"@type\":\"ListItem\",\"position\":1,\"name\":\"Accueil\",\"item\":\"https:\\\/\\\/www.acnc35.com\\\/equipe\\\/\"},{\"@type\":\"ListItem\",\"position\":2,\"name\":\"Accueil\",\"item\":\"https:\\\/\\\/www.acnc35.com\\\/equipe\\\/\"},{\"@type\":\"ListItem\",\"position\":3,\"name\":\"Partenaires\"}]},{\"@type\":\"WebSite\",\"@id\":\"https:\\\/\\\/www.acnc35.com\\\/equipe\\\/#website\",\"url\":\"https:\\\/\\\/www.acnc35.com\\\/equipe\\\/\",\"name\":\"ACNC\",\"description\":\"ACNC Formation\",\"publisher\":{\"@id\":\"https:\\\/\\\/www.acnc35.com\\\/equipe\\\/#organization\"},\"potentialAction\":[{\"@type\":\"SearchAction\",\"target\":{\"@type\":\"EntryPoint\",\"urlTemplate\":\"https:\\\/\\\/www.acnc35.com\\\/equipe\\\/?s={search_term_string}\"},\"query-input\":{\"@type\":\"PropertyValueSpecification\",\"valueRequired\":true,\"valueName\":\"search_term_string\"}}],\"inLanguage\":\"fr-FR\"},{\"@type\":\"Organization\",\"@id\":\"https:\\\/\\\/www.acnc35.com\\\/equipe\\\/#organization\",\"name\":\"ACNC\",\"url\":\"https:\\\/\\\/www.acnc35.com\\\/equipe\\\/\",\"logo\":{\"@type\":\"ImageObject\",\"inLanguage\":\"fr-FR\",\"@id\":\"https:\\\/\\\/www.acnc35.com\\\/equipe\\\/#\\\/schema\\\/logo\\\/image\\\/\",\"url\":\"https:\\\/\\\/www.acnc35.com\\\/equipe\\\/wp-content\\\/uploads\\\/2023\\\/12\\\/cropped-cropped-ACNC-logo-2024_tr-1.png\",\"contentUrl\":\"https:\\\/\\\/www.acnc35.com\\\/equipe\\\/wp-content\\\/uploads\\\/2023\\\/12\\\/cropped-cropped-ACNC-logo-2024_tr-1.png\",\"width\":240,\"height\":240,\"caption\":\"ACNC\"},\"image\":{\"@id\":\"https:\\\/\\\/www.acnc35.com\\\/equipe\\\/#\\\/schema\\\/logo\\\/image\\\/\"}}]}<\/script>\n<!-- \/ Yoast SEO plugin. -->","yoast_head_json":{"title":"Partenaires - ACNC","description":"ACNC","robots":{"index":"index","follow":"follow","max-snippet":"max-snippet:-1","max-image-preview":"max-image-preview:large","max-video-preview":"max-video-preview:-1"},"canonical":"https:\/\/www.acnc35.com\/equipe\/index.php\/accueil\/partenaires\/","og_locale":"fr_FR","og_type":"article","og_title":"Partenaires - ACNC","og_description":"ACNC","og_url":"https:\/\/www.acnc35.com\/equipe\/index.php\/accueil\/partenaires\/","og_site_name":"ACNC","article_modified_time":"2026-01-29T18:05:27+00:00","og_image":[{"width":2560,"height":1707,"url":"https:\/\/www.acnc35.com\/equipe\/wp-content\/uploads\/2025\/02\/P2220019-scaled.jpg","type":"image\/jpeg"}],"twitter_card":"summary_large_image","twitter_misc":{"Dur\u00e9e de lecture estim\u00e9e":"2 minutes"},"schema":{"@context":"https:\/\/schema.org","@graph":[{"@type":"WebPage","@id":"https:\/\/www.acnc35.com\/equipe\/index.php\/accueil\/partenaires\/","url":"https:\/\/www.acnc35.com\/equipe\/index.php\/accueil\/partenaires\/","name":"Partenaires - ACNC","isPartOf":{"@id":"https:\/\/www.acnc35.com\/equipe\/#website"},"datePublished":"2016-10-15T17:11:36+00:00","dateModified":"2026-01-29T18:05:27+00:00","description":"ACNC","breadcrumb":{"@id":"https:\/\/www.acnc35.com\/equipe\/index.php\/accueil\/partenaires\/#breadcrumb"},"inLanguage":"fr-FR","potentialAction":[{"@type":"ReadAction","target":["https:\/\/www.acnc35.com\/equipe\/index.php\/accueil\/partenaires\/"]}]},{"@type":"BreadcrumbList","@id":"https:\/\/www.acnc35.com\/equipe\/index.php\/accueil\/partenaires\/#breadcrumb","itemListElement":[{"@type":"ListItem","position":1,"name":"Accueil","item":"https:\/\/www.acnc35.com\/equipe\/"},{"@type":"ListItem","position":2,"name":"Accueil","item":"https:\/\/www.acnc35.com\/equipe\/"},{"@type":"ListItem","position":3,"name":"Partenaires"}]},{"@type":"WebSite","@id":"https:\/\/www.acnc35.com\/equipe\/#website","url":"https:\/\/www.acnc35.com\/equipe\/","name":"ACNC","description":"ACNC Formation","publisher":{"@id":"https:\/\/www.acnc35.com\/equipe\/#organization"},"potentialAction":[{"@type":"SearchAction","target":{"@type":"EntryPoint","urlTemplate":"https:\/\/www.acnc35.com\/equipe\/?s={search_term_string}"},"query-input":{"@type":"PropertyValueSpecification","valueRequired":true,"valueName":"search_term_string"}}],"inLanguage":"fr-FR"},{"@type":"Organization","@id":"https:\/\/www.acnc35.com\/equipe\/#organization","name":"ACNC","url":"https:\/\/www.acnc35.com\/equipe\/","logo":{"@type":"ImageObject","inLanguage":"fr-FR","@id":"https:\/\/www.acnc35.com\/equipe\/#\/schema\/logo\/image\/","url":"https:\/\/www.acnc35.com\/equipe\/wp-content\/uploads\/2023\/12\/cropped-cropped-ACNC-logo-2024_tr-1.png","contentUrl":"https:\/\/www.acnc35.com\/equipe\/wp-content\/uploads\/2023\/12\/cropped-cropped-ACNC-logo-2024_tr-1.png","width":240,"height":240,"caption":"ACNC"},"image":{"@id":"https:\/\/www.acnc35.com\/equipe\/#\/schema\/logo\/image\/"}}]}},"_links":{"self":[{"href":"https:\/\/www.acnc35.com\/equipe\/index.php\/wp-json\/wp\/v2\/pages\/282","targetHints":{"allow":["GET"]}}],"collection":[{"href":"https:\/\/www.acnc35.com\/equipe\/index.php\/wp-json\/wp\/v2\/pages"}],"about":[{"href":"https:\/\/www.acnc35.com\/equipe\/index.php\/wp-json\/wp\/v2\/types\/page"}],"author":[{"embeddable":true,"href":"https:\/\/www.acnc35.com\/equipe\/index.php\/wp-json\/wp\/v2\/users\/1"}],"replies":[{"embeddable":true,"href":"https:\/\/www.acnc35.com\/equipe\/index.php\/wp-json\/wp\/v2\/comments?post=282"}],"version-history":[{"count":7,"href":"https:\/\/www.acnc35.com\/equipe\/index.php\/wp-json\/wp\/v2\/pages\/282\/revisions"}],"predecessor-version":[{"id":9157,"href":"https:\/\/www.acnc35.com\/equipe\/index.php\/wp-json\/wp\/v2\/pages\/282\/revisions\/9157"}],"up":[{"embeddable":true,"href":"https:\/\/www.acnc35.com\/equipe\/index.php\/wp-json\/wp\/v2\/pages\/242"}],"wp:attachment":[{"href":"https:\/\/www.acnc35.com\/equipe\/index.php\/wp-json\/wp\/v2\/media?parent=282"}],"curies":[{"name":"wp","href":"https:\/\/api.w.org\/{rel}","templated":true}]}}