{"id":5815,"date":"2022-01-08T15:20:56","date_gmt":"2022-01-08T14:20:56","guid":{"rendered":"https:\/\/www.acnc35.com\/cyclos\/?page_id=5815"},"modified":"2022-01-08T15:46:17","modified_gmt":"2022-01-08T14:46:17","slug":"2022-2","status":"publish","type":"page","link":"https:\/\/www.acnc35.com\/cyclos\/index.php\/2022-2\/","title":{"rendered":"2022"},"content":{"rendered":"Vous devez \u00eatre connect\u00e9 pour voir ce contenu.","protected":false},"excerpt":{"rendered":"Vous devez \u00eatre connect\u00e9 pour voir ce contenu.","protected":false},"author":10,"featured_media":0,"parent":0,"menu_order":0,"comment_status":"closed","ping_status":"closed","template":"","meta":{"ngg_post_thumbnail":0,"footnotes":""},"class_list":["post-5815","page","type-page","status-publish","hentry"],"_links":{"self":[{"href":"https:\/\/www.acnc35.com\/cyclos\/index.php\/wp-json\/wp\/v2\/pages\/5815","targetHints":{"allow":["GET"]}}],"collection":[{"href":"https:\/\/www.acnc35.com\/cyclos\/index.php\/wp-json\/wp\/v2\/pages"}],"about":[{"href":"https:\/\/www.acnc35.com\/cyclos\/index.php\/wp-json\/wp\/v2\/types\/page"}],"author":[{"embeddable":true,"href":"https:\/\/www.acnc35.com\/cyclos\/index.php\/wp-json\/wp\/v2\/users\/10"}],"replies":[{"embeddable":true,"href":"https:\/\/www.acnc35.com\/cyclos\/index.php\/wp-json\/wp\/v2\/comments?post=5815"}],"version-history":[{"count":3,"href":"https:\/\/www.acnc35.com\/cyclos\/index.php\/wp-json\/wp\/v2\/pages\/5815\/revisions"}],"predecessor-version":[{"id":5821,"href":"https:\/\/www.acnc35.com\/cyclos\/index.php\/wp-json\/wp\/v2\/pages\/5815\/revisions\/5821"}],"wp:attachment":[{"href":"https:\/\/www.acnc35.com\/cyclos\/index.php\/wp-json\/wp\/v2\/media?parent=5815"}],"curies":[{"name":"wp","href":"https:\/\/api.w.org\/{rel}","templated":true}]}}