{"id":321,"date":"2017-01-30T18:21:33","date_gmt":"2017-01-30T17:21:33","guid":{"rendered":"https:\/\/www.acnc35.com\/cyclos\/?page_id=321"},"modified":"2020-01-11T16:18:50","modified_gmt":"2020-01-11T15:18:50","slug":"galerie","status":"publish","type":"page","link":"https:\/\/www.acnc35.com\/cyclos\/index.php\/galerie\/","title":{"rendered":"Galeries"},"content":{"rendered":"Vous devez \u00eatre connect\u00e9 pour voir ce contenu.","protected":false},"excerpt":{"rendered":"Vous devez \u00eatre connect\u00e9 pour voir ce contenu.","protected":false},"author":10,"featured_media":0,"parent":0,"menu_order":0,"comment_status":"closed","ping_status":"closed","template":"","meta":{"ngg_post_thumbnail":0,"footnotes":""},"class_list":["post-321","page","type-page","status-publish","hentry"],"_links":{"self":[{"href":"https:\/\/www.acnc35.com\/cyclos\/index.php\/wp-json\/wp\/v2\/pages\/321","targetHints":{"allow":["GET"]}}],"collection":[{"href":"https:\/\/www.acnc35.com\/cyclos\/index.php\/wp-json\/wp\/v2\/pages"}],"about":[{"href":"https:\/\/www.acnc35.com\/cyclos\/index.php\/wp-json\/wp\/v2\/types\/page"}],"author":[{"embeddable":true,"href":"https:\/\/www.acnc35.com\/cyclos\/index.php\/wp-json\/wp\/v2\/users\/10"}],"replies":[{"embeddable":true,"href":"https:\/\/www.acnc35.com\/cyclos\/index.php\/wp-json\/wp\/v2\/comments?post=321"}],"version-history":[{"count":21,"href":"https:\/\/www.acnc35.com\/cyclos\/index.php\/wp-json\/wp\/v2\/pages\/321\/revisions"}],"predecessor-version":[{"id":2927,"href":"https:\/\/www.acnc35.com\/cyclos\/index.php\/wp-json\/wp\/v2\/pages\/321\/revisions\/2927"}],"wp:attachment":[{"href":"https:\/\/www.acnc35.com\/cyclos\/index.php\/wp-json\/wp\/v2\/media?parent=321"}],"curies":[{"name":"wp","href":"https:\/\/api.w.org\/{rel}","templated":true}]}}