{"id":2712,"date":"2019-05-23T20:01:48","date_gmt":"2019-05-23T18:01:48","guid":{"rendered":"https:\/\/www.acnc35.com\/cyclos\/?page_id=2712"},"modified":"2019-05-23T20:06:11","modified_gmt":"2019-05-23T18:06:11","slug":"2019-2","status":"publish","type":"page","link":"https:\/\/www.acnc35.com\/cyclos\/index.php\/accueil\/2019-2\/","title":{"rendered":"2019"},"content":{"rendered":"Vous devez \u00eatre connect\u00e9 pour voir ce contenu.","protected":false},"excerpt":{"rendered":"Vous devez \u00eatre connect\u00e9 pour voir ce contenu.","protected":false},"author":1,"featured_media":0,"parent":7,"menu_order":0,"comment_status":"closed","ping_status":"closed","template":"","meta":{"ngg_post_thumbnail":0,"footnotes":""},"class_list":["post-2712","page","type-page","status-publish","hentry"],"_links":{"self":[{"href":"https:\/\/www.acnc35.com\/cyclos\/index.php\/wp-json\/wp\/v2\/pages\/2712","targetHints":{"allow":["GET"]}}],"collection":[{"href":"https:\/\/www.acnc35.com\/cyclos\/index.php\/wp-json\/wp\/v2\/pages"}],"about":[{"href":"https:\/\/www.acnc35.com\/cyclos\/index.php\/wp-json\/wp\/v2\/types\/page"}],"author":[{"embeddable":true,"href":"https:\/\/www.acnc35.com\/cyclos\/index.php\/wp-json\/wp\/v2\/users\/1"}],"replies":[{"embeddable":true,"href":"https:\/\/www.acnc35.com\/cyclos\/index.php\/wp-json\/wp\/v2\/comments?post=2712"}],"version-history":[{"count":3,"href":"https:\/\/www.acnc35.com\/cyclos\/index.php\/wp-json\/wp\/v2\/pages\/2712\/revisions"}],"predecessor-version":[{"id":2715,"href":"https:\/\/www.acnc35.com\/cyclos\/index.php\/wp-json\/wp\/v2\/pages\/2712\/revisions\/2715"}],"up":[{"embeddable":true,"href":"https:\/\/www.acnc35.com\/cyclos\/index.php\/wp-json\/wp\/v2\/pages\/7"}],"wp:attachment":[{"href":"https:\/\/www.acnc35.com\/cyclos\/index.php\/wp-json\/wp\/v2\/media?parent=2712"}],"curies":[{"name":"wp","href":"https:\/\/api.w.org\/{rel}","templated":true}]}}