{"id":1745,"date":"2017-12-26T16:40:38","date_gmt":"2017-12-26T15:40:38","guid":{"rendered":"https:\/\/www.acnc35.com\/cyclos\/?page_id=1745"},"modified":"2017-12-26T18:11:57","modified_gmt":"2017-12-26T17:11:57","slug":"archive","status":"publish","type":"page","link":"https:\/\/www.acnc35.com\/cyclos\/index.php\/archive\/","title":{"rendered":"Archive"},"content":{"rendered":"Vous devez \u00eatre connect\u00e9 pour voir ce contenu.","protected":false},"excerpt":{"rendered":"Vous devez \u00eatre connect\u00e9 pour voir ce contenu.","protected":false},"author":1,"featured_media":0,"parent":0,"menu_order":0,"comment_status":"closed","ping_status":"closed","template":"","meta":{"ngg_post_thumbnail":0,"footnotes":""},"class_list":["post-1745","page","type-page","status-publish","hentry"],"_links":{"self":[{"href":"https:\/\/www.acnc35.com\/cyclos\/index.php\/wp-json\/wp\/v2\/pages\/1745","targetHints":{"allow":["GET"]}}],"collection":[{"href":"https:\/\/www.acnc35.com\/cyclos\/index.php\/wp-json\/wp\/v2\/pages"}],"about":[{"href":"https:\/\/www.acnc35.com\/cyclos\/index.php\/wp-json\/wp\/v2\/types\/page"}],"author":[{"embeddable":true,"href":"https:\/\/www.acnc35.com\/cyclos\/index.php\/wp-json\/wp\/v2\/users\/1"}],"replies":[{"embeddable":true,"href":"https:\/\/www.acnc35.com\/cyclos\/index.php\/wp-json\/wp\/v2\/comments?post=1745"}],"version-history":[{"count":10,"href":"https:\/\/www.acnc35.com\/cyclos\/index.php\/wp-json\/wp\/v2\/pages\/1745\/revisions"}],"predecessor-version":[{"id":1762,"href":"https:\/\/www.acnc35.com\/cyclos\/index.php\/wp-json\/wp\/v2\/pages\/1745\/revisions\/1762"}],"wp:attachment":[{"href":"https:\/\/www.acnc35.com\/cyclos\/index.php\/wp-json\/wp\/v2\/media?parent=1745"}],"curies":[{"name":"wp","href":"https:\/\/api.w.org\/{rel}","templated":true}]}}