{"id":15680,"date":"2025-01-18T12:35:15","date_gmt":"2025-01-18T11:35:15","guid":{"rendered":"https:\/\/www.acnc35.com\/cyclos\/?page_id=15680"},"modified":"2025-01-18T12:38:41","modified_gmt":"2025-01-18T11:38:41","slug":"2o25","status":"publish","type":"page","link":"https:\/\/www.acnc35.com\/cyclos\/index.php\/2o25\/","title":{"rendered":"2O24"},"content":{"rendered":"Vous devez \u00eatre connect\u00e9 pour voir ce contenu.","protected":false},"excerpt":{"rendered":"Vous devez \u00eatre connect\u00e9 pour voir ce contenu.","protected":false},"author":1,"featured_media":0,"parent":0,"menu_order":0,"comment_status":"closed","ping_status":"closed","template":"","meta":{"ngg_post_thumbnail":0,"footnotes":""},"class_list":["post-15680","page","type-page","status-publish","hentry"],"_links":{"self":[{"href":"https:\/\/www.acnc35.com\/cyclos\/index.php\/wp-json\/wp\/v2\/pages\/15680","targetHints":{"allow":["GET"]}}],"collection":[{"href":"https:\/\/www.acnc35.com\/cyclos\/index.php\/wp-json\/wp\/v2\/pages"}],"about":[{"href":"https:\/\/www.acnc35.com\/cyclos\/index.php\/wp-json\/wp\/v2\/types\/page"}],"author":[{"embeddable":true,"href":"https:\/\/www.acnc35.com\/cyclos\/index.php\/wp-json\/wp\/v2\/users\/1"}],"replies":[{"embeddable":true,"href":"https:\/\/www.acnc35.com\/cyclos\/index.php\/wp-json\/wp\/v2\/comments?post=15680"}],"version-history":[{"count":3,"href":"https:\/\/www.acnc35.com\/cyclos\/index.php\/wp-json\/wp\/v2\/pages\/15680\/revisions"}],"predecessor-version":[{"id":15687,"href":"https:\/\/www.acnc35.com\/cyclos\/index.php\/wp-json\/wp\/v2\/pages\/15680\/revisions\/15687"}],"wp:attachment":[{"href":"https:\/\/www.acnc35.com\/cyclos\/index.php\/wp-json\/wp\/v2\/media?parent=15680"}],"curies":[{"name":"wp","href":"https:\/\/api.w.org\/{rel}","templated":true}]}}